{"id":100,"date":"2011-12-31T16:28:01","date_gmt":"2011-12-31T15:28:01","guid":{"rendered":"http:\/\/www.kirche-itzehoe.de\/isg\/?page_id=100"},"modified":"2024-02-23T11:42:48","modified_gmt":"2024-02-23T10:42:48","slug":"foerderverein-kirche","status":"publish","type":"page","link":"https:\/\/www.kirche-itzehoe.de\/isg\/kirchen\/foerderverein-kirche\/","title":{"rendered":"Freundeskreis St. Laurentii &#038; Kloster Itzehoe e.V."},"content":{"rendered":"<p><a href=\"http:\/\/www.kirche-itzehoe.de\/isg\/wp-content\/uploads\/2012\/05\/StLaurentii.jpg\"><img loading=\"lazy\" decoding=\"async\" class=\"alignright wp-image-1391\" src=\"http:\/\/www.kirche-itzehoe.de\/isg\/wp-content\/uploads\/2012\/05\/StLaurentii.jpg\" alt=\"StLaurentii\" width=\"216\" height=\"325\" srcset=\"https:\/\/www.kirche-itzehoe.de\/isg\/wp-content\/uploads\/2012\/05\/StLaurentii.jpg 399w, https:\/\/www.kirche-itzehoe.de\/isg\/wp-content\/uploads\/2012\/05\/StLaurentii-199x300.jpg 199w\" sizes=\"auto, (max-width: 216px) 100vw, 216px\" \/><\/a>Die Stadtkirche St. Laurentii und die Geb\u00e4ude des Klosterhofes pr\u00e4gen als Gesamtensemble das st\u00e4dtische Erscheinungsbild Itzehoes in besonderer Weise. Der kl\u00f6sterliche mittelalterliche Kreuzgang ist das \u00e4lteste erhaltene Bauwerk Itzehoes. Diese kultur- und sinnstiftenden Sch\u00e4tze gilt es zu bewahren. Die Bewahrung und Gestaltung dieser emotionalen Bezugspunkte als lebendige Mitte Itzehoes sind die Kernanliegen des Freundeskreises.<\/p>\n<p>Im \u00a7 2 der Satzung hei\u00dft es dazu: \u201eZweck des Vereins ist es, den Erhalt und die Pflege \u2026 der St. Laurentii-Kirche und des Adeligen Klosters zu Itzehoe einschlie\u00dflich der Kunstsch\u00e4tze zu f\u00f6rdern und hierf\u00fcr das Interesse von B\u00fcrgern und Besuchern zu wecken.\u201c<br>Dies wollen wir erreichen mit Informationsveranstaltungen und F\u00fchrungen, in der Zusammenarbeit mit den zust\u00e4ndigen Beh\u00f6rden und mit der Ver\u00f6ffentlichung von Publikationen.<\/p>\n<p>Der Freundeskreis besteht seit 2012 als Verein, er ist eigenst\u00e4ndig und steht in keinem Abh\u00e4ngigkeitsverh\u00e4ltnis zu Kirche und Kloster. Der Aktivenkreis und der Vorstand treffen sich einmal im Monat (jeweils am 1. Dienstag um 19.00 Uhr im Gemeindehaus, oben).<\/p>\n<p><a href=\"http:\/\/www.kirche-itzehoe.de\/isg\/wp-content\/uploads\/2016\/11\/Plakat-Adventssingen-2016a.jpg\"><img loading=\"lazy\" decoding=\"async\" class=\"alignleft size-medium wp-image-5666\" src=\"http:\/\/www.kirche-itzehoe.de\/isg\/wp-content\/uploads\/2016\/11\/Plakat-Adventssingen-2016a-212x300.jpg\" alt=\"\" width=\"212\" height=\"300\" srcset=\"https:\/\/www.kirche-itzehoe.de\/isg\/wp-content\/uploads\/2016\/11\/Plakat-Adventssingen-2016a-212x300.jpg 212w, https:\/\/www.kirche-itzehoe.de\/isg\/wp-content\/uploads\/2016\/11\/Plakat-Adventssingen-2016a-768x1085.jpg 768w, https:\/\/www.kirche-itzehoe.de\/isg\/wp-content\/uploads\/2016\/11\/Plakat-Adventssingen-2016a-725x1024.jpg 725w, https:\/\/www.kirche-itzehoe.de\/isg\/wp-content\/uploads\/2016\/11\/Plakat-Adventssingen-2016a.jpg 1241w\" sizes=\"auto, (max-width: 212px) 100vw, 212px\" \/><\/a>Schon traditionell sind mittlerweile unsere Veranstaltungen zum Tag des offenen Denkmals und am Vorabend des ersten Advents, wenn es im illuminierten Kreuzgang Klosterkuchen, Schmalzbrote und Gl\u00fchwein gibt. In den letzten Jahren wurde u.a. das s\u00fcdlich gelegene Klostertor restauriert, das Triumphkreuz in der Kirche konnte gesichert und instand gesetzt werden und Informationstafeln wurden erneuert &#8211; dies sind nur einige unserer Aktivit\u00e4ten, die wir auch als positive Signale f\u00fcr die Stadtentwicklung sehen. Das n\u00e4chste gr\u00f6\u00dfere Vorhaben ist eine wissenschaftlich fundierte Bestandsaufnahme der Gruft unter der Kirche, mit besonderer Ber\u00fccksichtigung des Zustandes der Prunks\u00e4rge. Dies geschieht in enger Zusammenarbeit mit dem Fachbereich Metallrestauration der Fachhochschule Potsdam.<\/p>\n<p>2019 wurde vom Freundeskreis St. Laurentii &amp; Kloster Itzehoe e.V. ein Film \u00fcber die Gruft in Auftrag gegeben:<\/p>\n\n\n<figure class=\"wp-block-embed is-type-video is-provider-youtube wp-block-embed-youtube wp-embed-aspect-16-9 wp-has-aspect-ratio\"><div class=\"wp-block-embed__wrapper\">\n<iframe loading=\"lazy\" title=\"Die Gruft der St. Laurentii-Kirche in Itzehoe\" width=\"630\" height=\"354\" src=\"https:\/\/www.youtube.com\/embed\/TBMzqQ-glbo?feature=oembed\" frameborder=\"0\" allow=\"accelerometer; autoplay; clipboard-write; encrypted-media; gyroscope; picture-in-picture; web-share\" referrerpolicy=\"strict-origin-when-cross-origin\" allowfullscreen><\/iframe>\n<\/div><\/figure>\n\n\n\n<p><\/p>\n\n\n\n<p>Kontakt:<\/p>\n\n\n\n<p>Freundeskreis St. Laurentii und Kloster Itzehoe e.V.<br>Benita von Sass-Hasselblatt, Vorsitzende<br>benitavonsass@hasselblatt.de<\/p>\n\n\n\n<h3 class=\"wp-block-heading\">Wollen auch Sie uns helfen, die St. Laurentii-Kirche als bedeutendes Stadtmerkmal von Itzehoe zu erhalten?<\/h3>\n\n\n\n<p>\u00dcber jede ideelle oder finanzielle Unterst\u00fctzung freuen wir uns! Sie haben Fragen oder Anregungen? Z\u00f6gern Sie nicht, uns zu kontaktieren!<\/p>\n","protected":false},"excerpt":{"rendered":"<p>Die Stadtkirche St. Laurentii und die Geb\u00e4ude des Klosterhofes pr\u00e4gen als Gesamtensemble das st\u00e4dtische Erscheinungsbild Itzehoes in besonderer Weise. Der kl\u00f6sterliche mittelalterliche Kreuzgang ist das \u00e4lteste erhaltene Bauwerk Itzehoes. Diese kultur- und sinnstiftenden Sch\u00e4tze gilt es zu bewahren. Die Bewahrung und Gestaltung dieser emotionalen Bezugspunkte als lebendige Mitte Itzehoes sind die Kernanliegen des Freundeskreises. Im [&hellip;]<\/p>\n","protected":false},"author":2,"featured_media":0,"parent":4,"menu_order":35,"comment_status":"closed","ping_status":"closed","template":"","meta":{"_acf_changed":false,"footnotes":""},"class_list":["post-100","page","type-page","status-publish","hentry"],"acf":[],"_links":{"self":[{"href":"https:\/\/www.kirche-itzehoe.de\/isg\/wp-json\/wp\/v2\/pages\/100","targetHints":{"allow":["GET"]}}],"collection":[{"href":"https:\/\/www.kirche-itzehoe.de\/isg\/wp-json\/wp\/v2\/pages"}],"about":[{"href":"https:\/\/www.kirche-itzehoe.de\/isg\/wp-json\/wp\/v2\/types\/page"}],"author":[{"embeddable":true,"href":"https:\/\/www.kirche-itzehoe.de\/isg\/wp-json\/wp\/v2\/users\/2"}],"replies":[{"embeddable":true,"href":"https:\/\/www.kirche-itzehoe.de\/isg\/wp-json\/wp\/v2\/comments?post=100"}],"version-history":[{"count":19,"href":"https:\/\/www.kirche-itzehoe.de\/isg\/wp-json\/wp\/v2\/pages\/100\/revisions"}],"predecessor-version":[{"id":13787,"href":"https:\/\/www.kirche-itzehoe.de\/isg\/wp-json\/wp\/v2\/pages\/100\/revisions\/13787"}],"up":[{"embeddable":true,"href":"https:\/\/www.kirche-itzehoe.de\/isg\/wp-json\/wp\/v2\/pages\/4"}],"wp:attachment":[{"href":"https:\/\/www.kirche-itzehoe.de\/isg\/wp-json\/wp\/v2\/media?parent=100"}],"curies":[{"name":"wp","href":"https:\/\/api.w.org\/{rel}","templated":true}]}}