{"id":11008,"date":"2021-08-13T14:11:11","date_gmt":"2021-08-13T12:11:11","guid":{"rendered":"http:\/\/www.kirche-itzehoe.de\/isg\/?page_id=11008"},"modified":"2026-02-05T16:29:17","modified_gmt":"2026-02-05T15:29:17","slug":"kirchemitkindern","status":"publish","type":"page","link":"https:\/\/www.kirche-itzehoe.de\/isg\/gemeinde\/kirchemitkindern\/","title":{"rendered":"Kinderkirche"},"content":{"rendered":"\n<div class=\"wp-block-columns is-layout-flex wp-container-core-columns-is-layout-9d6595d7 wp-block-columns-is-layout-flex\">\n<div class=\"wp-block-column is-layout-flow wp-block-column-is-layout-flow\" style=\"flex-basis:100%\">\n<div class=\"wp-block-group alignwide\"><div class=\"wp-block-group__inner-container is-layout-flow wp-block-group-is-layout-flow\">\n<div class=\"wp-block-media-text alignwide is-stacked-on-mobile is-vertically-aligned-top\" style=\"grid-template-columns:51% auto\"><figure class=\"wp-block-media-text__media\"><img loading=\"lazy\" decoding=\"async\" width=\"819\" height=\"1024\" src=\"http:\/\/www.kirche-itzehoe.de\/isg\/wp-content\/uploads\/2026\/02\/Design-ohne-Titel-819x1024.png\" alt=\"\" class=\"wp-image-15526 size-full\" srcset=\"https:\/\/www.kirche-itzehoe.de\/isg\/wp-content\/uploads\/2026\/02\/Design-ohne-Titel-819x1024.png 819w, https:\/\/www.kirche-itzehoe.de\/isg\/wp-content\/uploads\/2026\/02\/Design-ohne-Titel-240x300.png 240w, https:\/\/www.kirche-itzehoe.de\/isg\/wp-content\/uploads\/2026\/02\/Design-ohne-Titel-768x960.png 768w, https:\/\/www.kirche-itzehoe.de\/isg\/wp-content\/uploads\/2026\/02\/Design-ohne-Titel.png 1080w\" sizes=\"auto, (max-width: 819px) 100vw, 819px\" \/><\/figure><div class=\"wp-block-media-text__content\">\n<p class=\"has-text-align-left\" style=\"font-size:15px\">Kirche mit Kindern &#8211; Das ist unsere Veranstaltungsreihe f\u00fcr die j\u00fcngsten in der Gemeinden. Bunt, frech und vor allem vielf\u00e4ltig versuchen wir Kindern, den Glauben und die Kirche spielerisch n\u00e4herzubringen.<\/p>\n\n\n\n<p class=\"has-vivid-cyan-blue-color has-text-color\">Du m\u00f6chtest die Kirche mal im Dunkeln erkunden? &#8211; Dann komm zu unserer <strong>Nachtschw\u00e4rmer Kirche<\/strong>!<\/p>\n\n\n\n<p class=\"has-vivid-red-color has-text-color\">Du hast Lust, mit uns die Kirche in einen gro\u00dfen Fu\u00dfballfeld umzubauen? &#8211; Der <strong>Action Spielplatz<\/strong> ist genau das Richtige f\u00fcr dich!<strong><br><\/strong><\/p>\n\n\n\n<p class=\"has-vivid-green-cyan-color has-text-color\">Oder werde mit uns kreativ und besuche den <strong>K\u00fcnstler-Treff<\/strong>! <br><\/p>\n\n\n\n<p style=\"font-size:15px\">Ob Toben, Basteln oder Entdecken, bei der Kirche mit Kindern ist f\u00fcr jede:n etwas dabei. Gerahmt wird jede Aktion durch gemeinsame Gebete, Lieder und biblische Geschichten. Bei Interesse zu unserem Programm und zur Kinder- und Jugendarbeit insgesamt melden Sie sich gern bei unserem <a href=\"https:\/\/www.kirche-itzehoe.de\/isg\/kontakt\/mitarbeiterinnen\/\" data-type=\"URL\" data-id=\"https:\/\/www.kirche-itzehoe.de\/isg\/kontakt\/mitarbeiterinnen\/\">Diakon<\/a>.<\/p>\n\n\n\n<div class=\"wp-block-columns is-layout-flex wp-container-core-columns-is-layout-9d6595d7 wp-block-columns-is-layout-flex\">\n<div class=\"wp-block-column is-layout-flow wp-block-column-is-layout-flow\"><\/div>\n<\/div>\n<\/div><\/div>\n<\/div><\/div>\n<\/div>\n<\/div>\n\n\n\n<p><strong>Das aktuelle Programm<\/strong> der Kirche mit Kindern gibt es hier als Download: <\/p>\n\n\n\n<div data-wp-interactive=\"core\/file\" class=\"wp-block-file\"><object data-wp-bind--hidden=\"!state.hasPdfPreview\" hidden class=\"wp-block-file__embed\" data=\"https:\/\/www.kirche-itzehoe.de\/isg\/wp-content\/uploads\/2025\/09\/Programmheft-Kinderkirche_compressed.pdf\" type=\"application\/pdf\" style=\"width:100%;height:600px\" aria-label=\"Einbettung von Programmheft Kinderkirche_compressed.\"><\/object><a id=\"wp-block-file--media-0d73f089-1392-4287-917c-49e065b03471\" href=\"https:\/\/www.kirche-itzehoe.de\/isg\/wp-content\/uploads\/2025\/09\/Programmheft-Kinderkirche_compressed.pdf\">Programmheft Kinderkirche_compressed<\/a><a href=\"https:\/\/www.kirche-itzehoe.de\/isg\/wp-content\/uploads\/2025\/09\/Programmheft-Kinderkirche_compressed.pdf\" class=\"wp-block-file__button wp-element-button\" download aria-describedby=\"wp-block-file--media-0d73f089-1392-4287-917c-49e065b03471\">Herunterladen<\/a><\/div>\n\n\n\n<p style=\"font-size:15px\"><em>Gef\u00e4llt dir eine Veranstaltung? <\/em><br><strong>Dann melde dich oder dein Kind gleich hier an!<\/strong><\/p>\n\n\n\n<div class=\"wp-block-contact-form-7-contact-form-selector\">\n<div class=\"wpcf7 no-js\" id=\"wpcf7-f11090-o1\" lang=\"de-DE\" dir=\"ltr\" data-wpcf7-id=\"11090\">\n<div class=\"screen-reader-response\"><p role=\"status\" aria-live=\"polite\" aria-atomic=\"true\"><\/p> <ul><\/ul><\/div>\n<form action=\"\/isg\/wp-json\/wp\/v2\/pages\/11008#wpcf7-f11090-o1\" method=\"post\" class=\"wpcf7-form init\" aria-label=\"Kontaktformular\" novalidate=\"novalidate\" data-status=\"init\">\n<fieldset class=\"hidden-fields-container\"><input type=\"hidden\" name=\"_wpcf7\" value=\"11090\" \/><input type=\"hidden\" name=\"_wpcf7_version\" value=\"6.1.4\" \/><input type=\"hidden\" name=\"_wpcf7_locale\" value=\"de_DE\" \/><input type=\"hidden\" name=\"_wpcf7_unit_tag\" value=\"wpcf7-f11090-o1\" \/><input type=\"hidden\" name=\"_wpcf7_container_post\" value=\"0\" \/><input type=\"hidden\" name=\"_wpcf7_posted_data_hash\" value=\"\" \/>\n<\/fieldset>\n<p><span class=\"wpcf7-form-control-wrap\" data-name=\"checkbox-767\"><span class=\"wpcf7-form-control wpcf7-checkbox wpcf7-validates-as-required\"><span class=\"wpcf7-list-item first\"><label><input type=\"checkbox\" name=\"checkbox-767[]\" value=\"Kinderhotel (ab 8 Jahren)\" \/><span class=\"wpcf7-list-item-label\">Kinderhotel (ab 8 Jahren)<\/span><\/label><\/span><span class=\"wpcf7-list-item\"><label><input type=\"checkbox\" name=\"checkbox-767[]\" value=\"Nachtschw\u00e4rmer Kirche\" \/><span class=\"wpcf7-list-item-label\">Nachtschw\u00e4rmer Kirche<\/span><\/label><\/span><span class=\"wpcf7-list-item\"><label><input type=\"checkbox\" name=\"checkbox-767[]\" value=\"Krippenspielproben\" \/><span class=\"wpcf7-list-item-label\">Krippenspielproben<\/span><\/label><\/span><span class=\"wpcf7-list-item\"><label><input type=\"checkbox\" name=\"checkbox-767[]\" value=\"Adventsgefl\u00fcster\" \/><span class=\"wpcf7-list-item-label\">Adventsgefl\u00fcster<\/span><\/label><\/span><span class=\"wpcf7-list-item\"><label><input type=\"checkbox\" name=\"checkbox-767[]\" value=\"Kinderk\u00fcche\" \/><span class=\"wpcf7-list-item-label\">Kinderk\u00fcche<\/span><\/label><\/span><span class=\"wpcf7-list-item\"><label><input type=\"checkbox\" name=\"checkbox-767[]\" value=\"Action Spielplatz\" \/><span class=\"wpcf7-list-item-label\">Action Spielplatz<\/span><\/label><\/span><span class=\"wpcf7-list-item\"><label><input type=\"checkbox\" name=\"checkbox-767[]\" value=\"K\u00fcnstler Treff\" \/><span class=\"wpcf7-list-item-label\">K\u00fcnstler Treff<\/span><\/label><\/span><span class=\"wpcf7-list-item\"><label><input type=\"checkbox\" name=\"checkbox-767[]\" value=\"Kinderbibelwoche\" \/><span class=\"wpcf7-list-item-label\">Kinderbibelwoche<\/span><\/label><\/span><span class=\"wpcf7-list-item\"><label><input type=\"checkbox\" name=\"checkbox-767[]\" value=\"Naturentdecker\" \/><span class=\"wpcf7-list-item-label\">Naturentdecker<\/span><\/label><\/span><span class=\"wpcf7-list-item last\"><label><input type=\"checkbox\" name=\"checkbox-767[]\" value=\"Kinderschatzsuche\" \/><span class=\"wpcf7-list-item-label\">Kinderschatzsuche<\/span><\/label><\/span><\/span><\/span>\n<\/p>\n<p><label> Dein Name<br \/>\n<span class=\"wpcf7-form-control-wrap\" data-name=\"your-name\"><input size=\"40\" maxlength=\"400\" class=\"wpcf7-form-control wpcf7-text wpcf7-validates-as-required\" aria-required=\"true\" aria-invalid=\"false\" value=\"\" type=\"text\" name=\"your-name\" \/><\/span> <\/label>\n<\/p>\n<p><label> Deine E-Mail-Adresse<br \/>\n<span class=\"wpcf7-form-control-wrap\" data-name=\"your-email\"><input size=\"40\" maxlength=\"400\" class=\"wpcf7-form-control wpcf7-email wpcf7-validates-as-required wpcf7-text wpcf7-validates-as-email\" aria-required=\"true\" aria-invalid=\"false\" value=\"\" type=\"email\" name=\"your-email\" \/><\/span> <\/label>\n<\/p>\n<p><label> Telfonnummer<br \/>\n<span class=\"wpcf7-form-control-wrap\" data-name=\"your-message\"><input size=\"40\" maxlength=\"400\" class=\"wpcf7-form-control wpcf7-text wpcf7-validates-as-required\" aria-required=\"true\" aria-invalid=\"false\" value=\"\" type=\"text\" name=\"your-message\" \/><\/span> <\/label>\n<\/p>\n<p><label> Name des Kindes<br \/>\n<span class=\"wpcf7-form-control-wrap\" data-name=\"your-subject\"><input size=\"40\" maxlength=\"400\" class=\"wpcf7-form-control wpcf7-text wpcf7-validates-as-required\" aria-required=\"true\" aria-invalid=\"false\" value=\"\" type=\"text\" name=\"your-subject\" \/><\/span> <\/label>\n<\/p>\n<p><label> Alter des Kindes<br \/>\n<span class=\"wpcf7-form-control-wrap\" data-name=\"your-message\"><input size=\"40\" maxlength=\"400\" class=\"wpcf7-form-control wpcf7-text wpcf7-validates-as-required\" aria-required=\"true\" aria-invalid=\"false\" value=\"\" type=\"text\" name=\"your-message\" \/><\/span> <\/label>\n<\/p>\n<p><input class=\"wpcf7-form-control wpcf7-submit has-spinner\" type=\"submit\" value=\"Senden\" \/>\n<\/p><div class=\"wpcf7-response-output\" aria-hidden=\"true\"><\/div>\n<\/form>\n<\/div>\n<\/div>\n\n\n\n<p><\/p>\n\n\n\n<p><strong>Hier gehts zum Newsletter<\/strong>. Einfach das Kontaktformular ausf\u00fcllen und nichts mehr von der Kirche mit Kindern verpassen: <\/p>\n\n\n\n<figure class=\"wp-block-image size-large is-resized\"><a href=\"https:\/\/www.kirche-itzehoe.de\/isg\/wp-content\/uploads\/2021\/08\/email-marketing-2362038_1920.png\"><img loading=\"lazy\" decoding=\"async\" width=\"1024\" height=\"370\" src=\"https:\/\/www.kirche-itzehoe.de\/isg\/wp-content\/uploads\/2021\/08\/email-marketing-2362038_1920-1024x370.png\" alt=\"\" class=\"wp-image-11097\" style=\"width:575px;height:207px\" srcset=\"https:\/\/www.kirche-itzehoe.de\/isg\/wp-content\/uploads\/2021\/08\/email-marketing-2362038_1920-1024x370.png 1024w, https:\/\/www.kirche-itzehoe.de\/isg\/wp-content\/uploads\/2021\/08\/email-marketing-2362038_1920-300x108.png 300w, https:\/\/www.kirche-itzehoe.de\/isg\/wp-content\/uploads\/2021\/08\/email-marketing-2362038_1920-768x277.png 768w, https:\/\/www.kirche-itzehoe.de\/isg\/wp-content\/uploads\/2021\/08\/email-marketing-2362038_1920-1536x554.png 1536w, https:\/\/www.kirche-itzehoe.de\/isg\/wp-content\/uploads\/2021\/08\/email-marketing-2362038_1920.png 1920w\" sizes=\"auto, (max-width: 1024px) 100vw, 1024px\" \/><\/a><\/figure>\n\n\n\n<p><br>\n<div class=\"wpcf7 no-js\" id=\"wpcf7-f11081-o2\" lang=\"de-DE\" dir=\"ltr\" data-wpcf7-id=\"11081\">\n<div class=\"screen-reader-response\"><p role=\"status\" aria-live=\"polite\" aria-atomic=\"true\"><\/p> <ul><\/ul><\/div>\n<form action=\"\/isg\/wp-json\/wp\/v2\/pages\/11008#wpcf7-f11081-o2\" method=\"post\" class=\"wpcf7-form init\" aria-label=\"Kontaktformular\" novalidate=\"novalidate\" data-status=\"init\">\n<fieldset class=\"hidden-fields-container\"><input type=\"hidden\" name=\"_wpcf7\" value=\"11081\" \/><input type=\"hidden\" name=\"_wpcf7_version\" value=\"6.1.4\" \/><input type=\"hidden\" name=\"_wpcf7_locale\" value=\"de_DE\" \/><input type=\"hidden\" name=\"_wpcf7_unit_tag\" value=\"wpcf7-f11081-o2\" \/><input type=\"hidden\" name=\"_wpcf7_container_post\" value=\"0\" \/><input type=\"hidden\" name=\"_wpcf7_posted_data_hash\" value=\"\" \/>\n<\/fieldset>\n<p><label> Dein Name<br \/>\n<span class=\"wpcf7-form-control-wrap\" data-name=\"your-name\"><input size=\"40\" maxlength=\"400\" class=\"wpcf7-form-control wpcf7-text wpcf7-validates-as-required\" aria-required=\"true\" aria-invalid=\"false\" value=\"\" type=\"text\" name=\"your-name\" \/><\/span> <\/label>\n<\/p>\n<p><label> Deine E-Mail-Adresse<br \/>\n<span class=\"wpcf7-form-control-wrap\" data-name=\"your-email\"><input size=\"40\" maxlength=\"400\" class=\"wpcf7-form-control wpcf7-email wpcf7-validates-as-required wpcf7-text wpcf7-validates-as-email\" aria-required=\"true\" aria-invalid=\"false\" value=\"\" type=\"email\" name=\"your-email\" \/><\/span> <\/label>\n<\/p>\n<p><input class=\"wpcf7-form-control wpcf7-submit has-spinner\" type=\"submit\" value=\"Senden\" \/>\n<\/p><div class=\"wpcf7-response-output\" aria-hidden=\"true\"><\/div>\n<\/form>\n<\/div>\n<\/p>\n\n\n\n<p><\/p>\n\n\n","protected":false},"excerpt":{"rendered":"<p>Kirche mit Kindern &#8211; Das ist unsere Veranstaltungsreihe f\u00fcr die j\u00fcngsten in der Gemeinden. Bunt, frech und vor allem vielf\u00e4ltig versuchen wir Kindern, den Glauben und die Kirche spielerisch n\u00e4herzubringen. Du m\u00f6chtest die Kirche mal im Dunkeln erkunden? &#8211; Dann komm zu unserer Nachtschw\u00e4rmer Kirche! Du hast Lust, mit uns die Kirche in einen gro\u00dfen [&hellip;]<\/p>\n","protected":false},"author":26,"featured_media":0,"parent":9,"menu_order":2,"comment_status":"closed","ping_status":"closed","template":"","meta":{"_acf_changed":false,"footnotes":""},"class_list":["post-11008","page","type-page","status-publish","hentry"],"acf":[],"_links":{"self":[{"href":"https:\/\/www.kirche-itzehoe.de\/isg\/wp-json\/wp\/v2\/pages\/11008","targetHints":{"allow":["GET"]}}],"collection":[{"href":"https:\/\/www.kirche-itzehoe.de\/isg\/wp-json\/wp\/v2\/pages"}],"about":[{"href":"https:\/\/www.kirche-itzehoe.de\/isg\/wp-json\/wp\/v2\/types\/page"}],"author":[{"embeddable":true,"href":"https:\/\/www.kirche-itzehoe.de\/isg\/wp-json\/wp\/v2\/users\/26"}],"replies":[{"embeddable":true,"href":"https:\/\/www.kirche-itzehoe.de\/isg\/wp-json\/wp\/v2\/comments?post=11008"}],"version-history":[{"count":24,"href":"https:\/\/www.kirche-itzehoe.de\/isg\/wp-json\/wp\/v2\/pages\/11008\/revisions"}],"predecessor-version":[{"id":15542,"href":"https:\/\/www.kirche-itzehoe.de\/isg\/wp-json\/wp\/v2\/pages\/11008\/revisions\/15542"}],"up":[{"embeddable":true,"href":"https:\/\/www.kirche-itzehoe.de\/isg\/wp-json\/wp\/v2\/pages\/9"}],"wp:attachment":[{"href":"https:\/\/www.kirche-itzehoe.de\/isg\/wp-json\/wp\/v2\/media?parent=11008"}],"curies":[{"name":"wp","href":"https:\/\/api.w.org\/{rel}","templated":true}]}}