{"id":114,"date":"2011-12-31T16:30:42","date_gmt":"2011-12-31T15:30:42","guid":{"rendered":"http:\/\/www.kirche-itzehoe.de\/isg\/?page_id=114"},"modified":"2020-03-03T13:12:39","modified_gmt":"2020-03-03T12:12:39","slug":"indienprojekt","status":"publish","type":"page","link":"https:\/\/www.kirche-itzehoe.de\/isg\/gemeinde\/indienprojekt\/","title":{"rendered":"Indienprojekt"},"content":{"rendered":"<p>Seit 1975 hilft das &#8222;Indienprojekt&#8220; in der Provinz Kerala in Indien. Wir arbeiten mit der kleinen Organisation <a href=\"http:\/\/www.patengemeinschaft.de\">&#8222;Patengemeinschaft f\u00fcr hungernde Kinder e.V.&#8220;<\/a> zusammen. Sie betreut vor Ort unser Projekt und dokumentiert genau den Verbleib der Gelder.<br \/>\nW\u00e4hrend anf\u00e4nglich das gesammelte Geld f\u00fcr kleine, feste H\u00e4user und den Erwerb bzw. den Aufbau einer Farm genutzt wurde, finanzieren wir seit 1998 die Ausbildung von jungen Frauen.<\/p>\n<h2>Berufsausbildung junger Frauen<\/h2>\n<p><a href=\"http:\/\/www.kirche-itzehoe.de\/isg\/wp-content\/uploads\/2011\/12\/heimkarte.png\"><img loading=\"lazy\" decoding=\"async\" class=\"alignright size-medium wp-image-496\" title=\"heimkarte\" alt=\"\" src=\"http:\/\/www.kirche-itzehoe.de\/isg\/wp-content\/uploads\/2011\/12\/heimkarte-207x300.png\" width=\"207\" height=\"300\" srcset=\"https:\/\/www.kirche-itzehoe.de\/isg\/wp-content\/uploads\/2011\/12\/heimkarte-207x300.png 207w, https:\/\/www.kirche-itzehoe.de\/isg\/wp-content\/uploads\/2011\/12\/heimkarte.png 410w\" sizes=\"auto, (max-width: 207px) 100vw, 207px\" \/><\/a>In Indien, wie in vielen armen L\u00e4ndern, muss f\u00fcr die Berufsausbildung bezahlt werden. Wer in Armut lebt, hat daher keine Chance. In dieser Situation sind in Indien Frauen noch mehr benachteiligt als M\u00e4nner.<br \/>\nEine Ausbildung kostet im Schnitt &#8211; einschlie\u00dflich Unterkunft und Verpflegung &#8211; 480,- Euro pro Jahr und dauer ca. drei Jahre. Alle unterst\u00fctzten Frauen finden anschlie\u00dfend eine Anstellung. Mit dem Verdienst ist dann nicht nur ihr eigenes Leben gesichert, sondern auch der Gro\u00dffamilie eine bessere Zukunft er\u00f6ffnet.<\/p>\n<p>Mit dem Geld des \u201eIndienprojektes&#8220; verhelfen wir jungen Frauen zu einer Berufsausbildung. Durch diese Hilfe zur Selbsthilfe wird nachhaltig in die Zukunft investiert.<\/p>\n<h2>Aktionen f\u00fcr das Indienprojekt<\/h2>\n<p>Um das Indienprojekt finanziell zu unterst\u00fctzen, finden regelm\u00e4\u00dfig zahlreiche Veranstaltungen statt.<\/p>\n<p><strong>B\u00fccherflohmarkt<\/strong><br \/>\nh\u00e4ufig zum Gemeindecaf\u00e9 am 1. Sonnabend im Monat<\/p>\n<p>&nbsp;<\/p>\n<p>Als Ansprechpartner f\u00fcr das Indienprojekt\u00a0 stehen bereit<\/p>\n<p>Gerhard Goebel, Telefon: 04821\/6762-10<\/p>\n<h2>Spendenkonto<\/h2>\n<p>Volksbank Itzehoe 222 900 31<br \/>\nKonto 5398 (Zweckbestimmung angeben)<\/p>\n<p><a href=\"http:\/\/www.kirche-itzehoe.de\/isg\/wp-content\/uploads\/2011\/12\/Haus-W3.jpg\"><img loading=\"lazy\" decoding=\"async\" class=\"alignleft  wp-image-378\" title=\"Haus W3\" alt=\"\" src=\"http:\/\/www.kirche-itzehoe.de\/isg\/wp-content\/uploads\/2011\/12\/Haus-W3-300x225.jpg\" width=\"240\" height=\"180\" srcset=\"https:\/\/www.kirche-itzehoe.de\/isg\/wp-content\/uploads\/2011\/12\/Haus-W3-300x225.jpg 300w, https:\/\/www.kirche-itzehoe.de\/isg\/wp-content\/uploads\/2011\/12\/Haus-W3-1024x768.jpg 1024w, https:\/\/www.kirche-itzehoe.de\/isg\/wp-content\/uploads\/2011\/12\/Haus-W3.jpg 1280w\" sizes=\"auto, (max-width: 240px) 100vw, 240px\" \/><\/a><\/p>\n<p>Kleine feste H\u00e4user aus<br \/>\nStein bieten auch bei<br \/>\nMonsunregen einer<br \/>\nganzen Familie<br \/>\nzuverl\u00e4ssigen Schutz.<\/p>\n","protected":false},"excerpt":{"rendered":"<p>Seit 1975 hilft das &#8222;Indienprojekt&#8220; in der Provinz Kerala in Indien. Wir arbeiten mit der kleinen Organisation &#8222;Patengemeinschaft f\u00fcr hungernde Kinder e.V.&#8220; zusammen. Sie betreut vor Ort unser Projekt und dokumentiert genau den Verbleib der Gelder. W\u00e4hrend anf\u00e4nglich das gesammelte Geld f\u00fcr kleine, feste H\u00e4user und den Erwerb bzw. den Aufbau einer Farm genutzt wurde, [&hellip;]<\/p>\n","protected":false},"author":2,"featured_media":0,"parent":9,"menu_order":30,"comment_status":"closed","ping_status":"closed","template":"","meta":{"_acf_changed":false,"footnotes":""},"class_list":["post-114","page","type-page","status-publish","hentry"],"acf":[],"_links":{"self":[{"href":"https:\/\/www.kirche-itzehoe.de\/isg\/wp-json\/wp\/v2\/pages\/114","targetHints":{"allow":["GET"]}}],"collection":[{"href":"https:\/\/www.kirche-itzehoe.de\/isg\/wp-json\/wp\/v2\/pages"}],"about":[{"href":"https:\/\/www.kirche-itzehoe.de\/isg\/wp-json\/wp\/v2\/types\/page"}],"author":[{"embeddable":true,"href":"https:\/\/www.kirche-itzehoe.de\/isg\/wp-json\/wp\/v2\/users\/2"}],"replies":[{"embeddable":true,"href":"https:\/\/www.kirche-itzehoe.de\/isg\/wp-json\/wp\/v2\/comments?post=114"}],"version-history":[{"count":18,"href":"https:\/\/www.kirche-itzehoe.de\/isg\/wp-json\/wp\/v2\/pages\/114\/revisions"}],"predecessor-version":[{"id":8772,"href":"https:\/\/www.kirche-itzehoe.de\/isg\/wp-json\/wp\/v2\/pages\/114\/revisions\/8772"}],"up":[{"embeddable":true,"href":"https:\/\/www.kirche-itzehoe.de\/isg\/wp-json\/wp\/v2\/pages\/9"}],"wp:attachment":[{"href":"https:\/\/www.kirche-itzehoe.de\/isg\/wp-json\/wp\/v2\/media?parent=114"}],"curies":[{"name":"wp","href":"https:\/\/api.w.org\/{rel}","templated":true}]}}