{"id":13,"date":"2011-12-31T13:39:42","date_gmt":"2011-12-31T12:39:42","guid":{"rendered":"http:\/\/www.kirche-itzehoe.de\/isg\/?page_id=13"},"modified":"2020-09-08T10:36:05","modified_gmt":"2020-09-08T08:36:05","slug":"pilgern","status":"publish","type":"page","link":"https:\/\/www.kirche-itzehoe.de\/isg\/pilgern\/","title":{"rendered":"Pilgern"},"content":{"rendered":"<p><strong>M\u00f6nchsweg \u2013 mit Leib und Seele \u2026<\/strong><br \/>\n<strong>1000 Kilometer Pilgern auf dem Rad von Bremen bis Fehmarn<\/strong><\/p>\n<p>Pilgern per Rad: Der knapp 1.000 km lange Radfernweg folgt den Spuren der M\u00f6nche, die im Mittelalter das Christentum in den Norden brachten. Reizvolle Wege f\u00fchren von Bremen nach Niedersachsen, Schleswig-Holstein und D\u00e4nemark durch eine, von Jahrhunderte alten Kirchen gepr\u00e4gte, Landschaft.<\/p>\n<p><a href=\"http:\/\/www.moenchsweg.de\/\"><img loading=\"lazy\" decoding=\"async\" width=\"106\" height=\"137\" title=\"logo_moenchsweg\" class=\"size-full wp-image-1346 alignleft\" alt=\"\" src=\"http:\/\/www.kirche-itzehoe.de\/isg\/wp-content\/uploads\/2012\/05\/logo_moenchsweg.png\"><\/a>Der M\u00f6nchsweg beginnt am St. Petri Dom in Bremen und f\u00fchrt durch Niedersachsen bis zur Elbf\u00e4hre in Wischhafen vorbei an besonderen Feld- und Backsteinkirchen. Im weiteren Verlauf des Weges k\u00f6nnen die, nach dem M\u00e4rtyrer Vitus benannten, Kirchen in Zeven und in Heeslingen besucht werden. In den Weiten der Stader Geest sehen Sie die St. Marien- und Bartholom\u00e4ikirche in Harsefeld bereits aus der Ferne. Die Liebfrauenkirche von Horneburg wurde einst auf Moorboden errichtet, um sie nahe am Burgtor zu platzieren. Die T\u00fcrme der zehn Kirchen im Alten Land stehen neben den Kirchen, da der Boden ihre Last sonst nicht tragen w\u00fcrde. Schlie\u00dflich sind die St. Wilhadi-Kirche mit ihrem \u201eSchiefen Turm von Stade\u201c oder die Ss. Cosmae und Damiani-Kirche mit ihrem achteckigen Turm einen Besuch wert. Seien Sie dem Himmel nahe in der St. Marienkirche Himmelpforten, die sich am Standort des ehemaligen Klosters \u201ePorta Coelhi\u201c befindet, bevor Sie weiter durch das Marschland nach Wischhafen radeln und nach der Elb\u00fcberquerung den Weg in Schleswig-Holstein fortsetzen.<\/p>\n<p>Von Gl\u00fcckstadt schl\u00e4ngelt sich der M\u00f6nchsweg den St\u00f6rbogen entlang \u00fcber Itzehoe mit seinem Zisterzienser-Kloster und der St. Laurentii-Kirche vorbei am Schloss Breitenburg durch den Kreis Steinburg. \u00dcber Kellinghusen und die Waldkapelle M\u00f6nkloh geht es weiter nach Bad Bramstedt. Von dort aus f\u00fchrt der Weg \u2013 vorbei am Wildpark Eekholt \u2013 bis nach Bad Segeberg, wo das Augustiner-Chorherren-Kloster und St. Marien besichtigt werden k\u00f6nnen. Auf den Spuren von Vicelin begibt sich der M\u00f6nchsweg \u00fcber die Vicelinkirchen in B\u00f6rnh\u00f6ved und Bosau bis zur St. Johanneskirche nach Oldenburg, das einst Bischofssitz des norddeutschen Missionars war. Besondere Beachtung bis zum Endpunkt in Puttgarden verdienen das Benediktiner-Kloster und die Klosterkirche in Cismar.<\/p>\n<p>In D\u00e4nemark setzt sich der Munkevejen von R\u00f6dby bis Roskilde fort.<\/p>\n<p><img loading=\"lazy\" decoding=\"async\" width=\"208\" height=\"207\" title=\"karte_mw\" class=\"alignright size-full wp-image-234\" alt=\"\" src=\"http:\/\/www.kirche-itzehoe.de\/isg\/wp-content\/uploads\/2011\/12\/karte_mw.png\" srcset=\"https:\/\/www.kirche-itzehoe.de\/isg\/wp-content\/uploads\/2011\/12\/karte_mw.png 208w, https:\/\/www.kirche-itzehoe.de\/isg\/wp-content\/uploads\/2011\/12\/karte_mw-150x150.png 150w\" sizes=\"auto, (max-width: 208px) 100vw, 208px\" \/><\/p>\n<p>Auch St. Laurentii liegt auf dem M\u00f6nchsweg und l\u00e4dt zum Verweilen ein. In der Kirchenstra\u00dfe befinden sich Fahrrad-Halteb\u00fcgel, um auch f\u00fcr mit Gep\u00e4ck beladene Fahrr\u00e4der eine Abstellm\u00f6glichkeit anzubieten. Drei Info-Tafeln an der St\u00fctzmauer informieren \u00fcber den M\u00f6nchsweg, die St. Laurentii-Kirche und die Innenstadtgemeinde.<\/p>\n<p><a href=\"http:\/\/www.moenchsweg.de\/\">Mehr zum M\u00f6nchsweg<\/a><br \/>\n<a href=\"http:\/\/www.pilgern-hamburg.de\/\">Pilgern spezial<\/a><\/p>\n","protected":false},"excerpt":{"rendered":"<p>M\u00f6nchsweg \u2013 mit Leib und Seele \u2026 1000 Kilometer Pilgern auf dem Rad von Bremen bis Fehmarn Pilgern per Rad: Der knapp 1.000 km lange Radfernweg folgt den Spuren der M\u00f6nche, die im Mittelalter das Christentum in den Norden brachten. Reizvolle Wege f\u00fchren von Bremen nach Niedersachsen, Schleswig-Holstein und D\u00e4nemark durch eine, von Jahrhunderte alten [&hellip;]<\/p>\n","protected":false},"author":2,"featured_media":0,"parent":0,"menu_order":20,"comment_status":"closed","ping_status":"closed","template":"","meta":{"_acf_changed":false,"footnotes":""},"class_list":["post-13","page","type-page","status-publish","hentry"],"acf":[],"_links":{"self":[{"href":"https:\/\/www.kirche-itzehoe.de\/isg\/wp-json\/wp\/v2\/pages\/13","targetHints":{"allow":["GET"]}}],"collection":[{"href":"https:\/\/www.kirche-itzehoe.de\/isg\/wp-json\/wp\/v2\/pages"}],"about":[{"href":"https:\/\/www.kirche-itzehoe.de\/isg\/wp-json\/wp\/v2\/types\/page"}],"author":[{"embeddable":true,"href":"https:\/\/www.kirche-itzehoe.de\/isg\/wp-json\/wp\/v2\/users\/2"}],"replies":[{"embeddable":true,"href":"https:\/\/www.kirche-itzehoe.de\/isg\/wp-json\/wp\/v2\/comments?post=13"}],"version-history":[{"count":27,"href":"https:\/\/www.kirche-itzehoe.de\/isg\/wp-json\/wp\/v2\/pages\/13\/revisions"}],"predecessor-version":[{"id":9730,"href":"https:\/\/www.kirche-itzehoe.de\/isg\/wp-json\/wp\/v2\/pages\/13\/revisions\/9730"}],"wp:attachment":[{"href":"https:\/\/www.kirche-itzehoe.de\/isg\/wp-json\/wp\/v2\/media?parent=13"}],"curies":[{"name":"wp","href":"https:\/\/api.w.org\/{rel}","templated":true}]}}