{"id":133,"date":"2011-12-31T16:36:09","date_gmt":"2011-12-31T15:36:09","guid":{"rendered":"http:\/\/www.kirche-itzehoe.de\/isg\/?page_id=133"},"modified":"2025-09-02T21:44:52","modified_gmt":"2025-09-02T19:44:52","slug":"bachkantatenwerkstatt","status":"publish","type":"page","link":"https:\/\/www.kirche-itzehoe.de\/isg\/musik\/bachkantatenwerkstatt\/","title":{"rendered":"Bachkantatenwerkstatt"},"content":{"rendered":"<h1><a href=\"http:\/\/www.kirche-itzehoe.de\/isg\/wp-content\/uploads\/2012\/01\/200px-Bachsiegel.svg_.png\"><img loading=\"lazy\" decoding=\"async\" class=\"alignleft size-full wp-image-313\" title=\"200px-Bachsiegel.svg\" src=\"http:\/\/www.kirche-itzehoe.de\/isg\/wp-content\/uploads\/2012\/01\/200px-Bachsiegel.svg_.png\" alt=\"\" width=\"133\" height=\"178\" \/><\/a>Offene Bach Kantaten Werkstatt<\/h1>\n<p>Einmal im Jahr, meistens im Januar, findet in der St. Laurentii-Kirche die Offene Bachkantatenwerkstatt statt. Jeder, der gerne einmal bei einer Bachkantate mitsingen oder mitspielen m\u00f6chte, ist herzlich eingeladen, mitzumachen.<\/p>\n<p>Das Projekt wendet sich an S\u00e4nger und S\u00e4ngerinnen aller Stimmlagen, denen entweder die Zeit zu regelm\u00e4\u00dfiger Probenarbeit in einem Chor fehlt oder die einmal als Gast in einem \u201efremden\u201c Chor mitsingen m\u00f6chten, ebenso aber auch an ehemalige bzw. zuk\u00fcnftige Mitglieder der Kantorei St. Laurentii \u2013 denn nat\u00fcrlich darf man auch bleiben, wenn es einem gut gefallen hat! Und f\u00fcr all jene, die gerne einmal unverbindlich hineinschnuppern m\u00f6chten in die Probenarbeit einer Kantorei, ist dies eine gute Gelegenheit.<\/p>\n<p><a href=\"http:\/\/www.kirche-itzehoe.de\/isg\/wp-content\/uploads\/2024\/02\/Kantorei_3-2500x1528-1.jpg\"><img loading=\"lazy\" decoding=\"async\" class=\"alignright wp-image-13647 size-medium\" src=\"http:\/\/www.kirche-itzehoe.de\/isg\/wp-content\/uploads\/2024\/02\/Kantorei_3-2500x1528-1-300x183.jpg\" alt=\"\" width=\"300\" height=\"183\" srcset=\"https:\/\/www.kirche-itzehoe.de\/isg\/wp-content\/uploads\/2024\/02\/Kantorei_3-2500x1528-1-300x183.jpg 300w, https:\/\/www.kirche-itzehoe.de\/isg\/wp-content\/uploads\/2024\/02\/Kantorei_3-2500x1528-1-1024x626.jpg 1024w, https:\/\/www.kirche-itzehoe.de\/isg\/wp-content\/uploads\/2024\/02\/Kantorei_3-2500x1528-1-768x469.jpg 768w, https:\/\/www.kirche-itzehoe.de\/isg\/wp-content\/uploads\/2024\/02\/Kantorei_3-2500x1528-1-1536x939.jpg 1536w, https:\/\/www.kirche-itzehoe.de\/isg\/wp-content\/uploads\/2024\/02\/Kantorei_3-2500x1528-1-2048x1252.jpg 2048w\" sizes=\"auto, (max-width: 300px) 100vw, 300px\" \/><\/a>Auch fortgeschrittene Streich-Instrumentalisten, die die Werke von Johann Sebastian Bach lieben, sind herzlich eingeladen, mitzuwirken.<\/p>\n<p>Die n\u00e4chste Bachkantatenwerkstatt findet im Januar 2026 statt. Auf dem Programm steht die Bachkantate BWV 107 &#8222;Was willst du dich betr\u00fcben&#8220;, aufgef\u00fchrt wird die Kantate im <strong>Gottesdienst am Sonntag, 25. Januar, 10 Uhr<\/strong>.<\/p>\n<p>Die Proben f\u00fcr den Projektchor finden statt am Mittwoch, 14. und 21. Januar, 19:30-20:30 Uhr<br \/>\n(Ort: St. Ansgarkirche, Wilhelmstra\u00dfe 4) und am Samstag, 24. Januar, 16:45-18 Uhr<br \/>\n(Ort: St. Laurentii-Kirche, Kirchenstra\u00dfe 8)<br \/>\nDie Proben f\u00fcr das Orchester finden statt am Donnerstag, 22. Januar, 19-21 Uhr<br \/>\n(Ort: Gemeindesaal, Kirchenstra\u00dfe 10) und am Samstag, 24. Januar, 17-18 Uhr<br \/>\n(Ort: St. Laurentii-Kirche, Kirchenstra\u00dfe 8).<\/p>\n<p>Die Noten werden Ihnen vorher zugesandt. Anmeldungen f\u00fcr die Bachkantatenwerkstatt nimmt Kantorin D\u00f6rthe Landmesser (04821 \/ 1788 351 oder per Mail: <a class=\"moz-txt-link-abbreviated\" href=\"mailto:landmesser@kirche-itzehoe.de\">landmesser@kirche-itzehoe.de<\/a>) entgegen.<\/p>\n<p>Lesen Sie hier den Bericht aus der Norddeutschen Rundschau: <a href=\"http:\/\/www.shz.de\/lokales\/norddeutsche-rundschau\/weiche-toene-und-luthers-harter-text-id15908636.html\">Bachkantatenwerkstatt 2017<\/a><\/p>\n<hr \/>\n<p><a href=\"http:\/\/www.kirche-itzehoe.de\/isg\/wp-content\/uploads\/2011\/12\/Bachkantate-2014-6.jpg\"><img loading=\"lazy\" decoding=\"async\" class=\"alignright size-medium wp-image-3566\" src=\"http:\/\/www.kirche-itzehoe.de\/isg\/wp-content\/uploads\/2011\/12\/Bachkantate-2014-6-300x199.jpg\" alt=\"Bachkantate 2014-6\" width=\"300\" height=\"199\" srcset=\"https:\/\/www.kirche-itzehoe.de\/isg\/wp-content\/uploads\/2011\/12\/Bachkantate-2014-6-300x199.jpg 300w, https:\/\/www.kirche-itzehoe.de\/isg\/wp-content\/uploads\/2011\/12\/Bachkantate-2014-6.jpg 800w\" sizes=\"auto, (max-width: 300px) 100vw, 300px\" \/><\/a>Im Januar 2014 fand zum dritten Mal die Bachkantatenwerkstatt mit gro\u00dfem Erfolg in St. Laurentii statt. Aufgef\u00fchrt wurde die Kantate &#8222;Herr Christ, der einig Gottessohn&#8220;, BWV 96. Impressionen aus der Kantatenwerkstatt 2014:<\/p>\n<hr \/>\n<p>Impressionen aus dem Jahr 2013 mit der Kantate &#8222;Was Gott tut, das ist wohlgetan&#8220;, BWV 100:<\/p>\n<p><a href=\"http:\/\/www.kirche-itzehoe.de\/isg\/wp-content\/uploads\/2013\/01\/130120-Bachkantate-Gottesdienst-IZ-StLaurentii-007.jpg\"><img loading=\"lazy\" decoding=\"async\" class=\"size-medium wp-image-2309 alignleft\" src=\"http:\/\/www.kirche-itzehoe.de\/isg\/wp-content\/uploads\/2013\/01\/130120-Bachkantate-Gottesdienst-IZ-StLaurentii-007-300x199.jpg\" alt=\"130120-Bachkantate-Gottesdienst-IZ-StLaurentii-007\" width=\"300\" height=\"199\" srcset=\"https:\/\/www.kirche-itzehoe.de\/isg\/wp-content\/uploads\/2013\/01\/130120-Bachkantate-Gottesdienst-IZ-StLaurentii-007-300x199.jpg 300w, https:\/\/www.kirche-itzehoe.de\/isg\/wp-content\/uploads\/2013\/01\/130120-Bachkantate-Gottesdienst-IZ-StLaurentii-007-1024x681.jpg 1024w\" sizes=\"auto, (max-width: 300px) 100vw, 300px\" \/><\/a><a href=\"http:\/\/www.kirche-itzehoe.de\/isg\/wp-content\/uploads\/2013\/01\/130120-Bachkantate-Gottesdienst-IZ-StLaurentii-017.jpg\"><img loading=\"lazy\" decoding=\"async\" class=\"alignleft size-medium wp-image-2313\" src=\"http:\/\/www.kirche-itzehoe.de\/isg\/wp-content\/uploads\/2013\/01\/130120-Bachkantate-Gottesdienst-IZ-StLaurentii-017-300x199.jpg\" alt=\"130120-Bachkantate-Gottesdienst-IZ-StLaurentii-017\" width=\"300\" height=\"199\" srcset=\"https:\/\/www.kirche-itzehoe.de\/isg\/wp-content\/uploads\/2013\/01\/130120-Bachkantate-Gottesdienst-IZ-StLaurentii-017-300x199.jpg 300w, https:\/\/www.kirche-itzehoe.de\/isg\/wp-content\/uploads\/2013\/01\/130120-Bachkantate-Gottesdienst-IZ-StLaurentii-017-1024x681.jpg 1024w\" sizes=\"auto, (max-width: 300px) 100vw, 300px\" \/><\/a><\/p>\n","protected":false},"excerpt":{"rendered":"<p>Offene Bach Kantaten Werkstatt Einmal im Jahr, meistens im Januar, findet in der St. Laurentii-Kirche die Offene Bachkantatenwerkstatt statt. Jeder, der gerne einmal bei einer Bachkantate mitsingen oder mitspielen m\u00f6chte, ist herzlich eingeladen, mitzumachen. Das Projekt wendet sich an S\u00e4nger und S\u00e4ngerinnen aller Stimmlagen, denen entweder die Zeit zu regelm\u00e4\u00dfiger Probenarbeit in einem Chor fehlt [&hellip;]<\/p>\n","protected":false},"author":2,"featured_media":0,"parent":11,"menu_order":10,"comment_status":"closed","ping_status":"closed","template":"","meta":{"_acf_changed":false,"footnotes":""},"class_list":["post-133","page","type-page","status-publish","hentry"],"acf":[],"_links":{"self":[{"href":"https:\/\/www.kirche-itzehoe.de\/isg\/wp-json\/wp\/v2\/pages\/133","targetHints":{"allow":["GET"]}}],"collection":[{"href":"https:\/\/www.kirche-itzehoe.de\/isg\/wp-json\/wp\/v2\/pages"}],"about":[{"href":"https:\/\/www.kirche-itzehoe.de\/isg\/wp-json\/wp\/v2\/types\/page"}],"author":[{"embeddable":true,"href":"https:\/\/www.kirche-itzehoe.de\/isg\/wp-json\/wp\/v2\/users\/2"}],"replies":[{"embeddable":true,"href":"https:\/\/www.kirche-itzehoe.de\/isg\/wp-json\/wp\/v2\/comments?post=133"}],"version-history":[{"count":46,"href":"https:\/\/www.kirche-itzehoe.de\/isg\/wp-json\/wp\/v2\/pages\/133\/revisions"}],"predecessor-version":[{"id":15017,"href":"https:\/\/www.kirche-itzehoe.de\/isg\/wp-json\/wp\/v2\/pages\/133\/revisions\/15017"}],"up":[{"embeddable":true,"href":"https:\/\/www.kirche-itzehoe.de\/isg\/wp-json\/wp\/v2\/pages\/11"}],"wp:attachment":[{"href":"https:\/\/www.kirche-itzehoe.de\/isg\/wp-json\/wp\/v2\/media?parent=133"}],"curies":[{"name":"wp","href":"https:\/\/api.w.org\/{rel}","templated":true}]}}