{"id":13912,"date":"2024-05-13T14:32:12","date_gmt":"2024-05-13T12:32:12","guid":{"rendered":"https:\/\/www.kirche-itzehoe.de\/isg\/?page_id=13912"},"modified":"2026-02-18T13:18:56","modified_gmt":"2026-02-18T12:18:56","slug":"grundkurs-gitarre","status":"publish","type":"page","link":"https:\/\/www.kirche-itzehoe.de\/isg\/grundkurs-gitarre\/","title":{"rendered":"Grundkurs Gitarre"},"content":{"rendered":"\n<p>Lerne schnell und einfach Gitarre spielen. Egal ob am Lagerfeuer, beim den Kindergottesdienst oder f\u00fcr sich selbst &#8211; die Gitarre ist ein tolles und vielseitiges Instrument, an dem sich viele Menschen erfreuen. <\/p>\n\n\n\n<p>Am 22. April startet in der Innenstadtgemeinde der neue und kostenfreie Gitarrengrundkurs f\u00fcr Anf\u00e4nger und Neueinsteiger. Anhand von kirchlichen und nicht-kirchlichen Liedern werden die Grundkenntnisse des Gitarrenspielens n\u00e4hergebracht. Dabei liegt der Fokus ma\u00dfgeblich auf der Liedbegleitung mit Akkorden. So sieht an sich selbst schnell die ersten Erfolge.<\/p>\n\n\n<div class=\"wp-block-image wp-duotone-unset-1\">\n<figure class=\"aligncenter size-large is-resized\"><a href=\"https:\/\/www.kirche-itzehoe.de\/isg\/wp-content\/uploads\/2026\/02\/Kopie-von-Grundkurs-Gitarre-Liedbegleitung-fuer-Anfaenger.png\"><img loading=\"lazy\" decoding=\"async\" width=\"724\" height=\"1024\" src=\"https:\/\/www.kirche-itzehoe.de\/isg\/wp-content\/uploads\/2026\/02\/Kopie-von-Grundkurs-Gitarre-Liedbegleitung-fuer-Anfaenger-724x1024.png\" alt=\"\" class=\"wp-image-15582\" style=\"aspect-ratio:0.70703125;width:339px;height:auto\" srcset=\"https:\/\/www.kirche-itzehoe.de\/isg\/wp-content\/uploads\/2026\/02\/Kopie-von-Grundkurs-Gitarre-Liedbegleitung-fuer-Anfaenger-724x1024.png 724w, https:\/\/www.kirche-itzehoe.de\/isg\/wp-content\/uploads\/2026\/02\/Kopie-von-Grundkurs-Gitarre-Liedbegleitung-fuer-Anfaenger-212x300.png 212w, https:\/\/www.kirche-itzehoe.de\/isg\/wp-content\/uploads\/2026\/02\/Kopie-von-Grundkurs-Gitarre-Liedbegleitung-fuer-Anfaenger-768x1086.png 768w, https:\/\/www.kirche-itzehoe.de\/isg\/wp-content\/uploads\/2026\/02\/Kopie-von-Grundkurs-Gitarre-Liedbegleitung-fuer-Anfaenger-1086x1536.png 1086w, https:\/\/www.kirche-itzehoe.de\/isg\/wp-content\/uploads\/2026\/02\/Kopie-von-Grundkurs-Gitarre-Liedbegleitung-fuer-Anfaenger.png 1414w\" sizes=\"auto, (max-width: 724px) 100vw, 724px\" \/><\/a><\/figure>\n<\/div>\n\n\n<p><strong>Was braucht man? <\/strong><br>Der Grundkurs f\u00e4ngt ganz von vorne an. Man ben\u00f6tigt also keinerlei Vorkenntnisse. F\u00fcr das \u00dcben zu Hause bietet es sich an, sich im Laufe des Kurses eine eigene Gitarre anzuschaffen. Sie wird aber am Anfang nicht vorausgesetzt. Am Kurs k\u00f6nnen musikbegeisterte Menschen ab 12 Jahren teilnehmen. Die Gruppengr\u00f6\u00dfe ist auf max. 8 Personen begrenzt. <\/p>\n\n\n\n<p>Der Grundkurs Gitarre findet ab dem 22. April jeden Mittwoch von 17:00 Uhr bis 18:00 Uhr statt. <br>Ansprechpartner ist Diakon <a href=\"https:\/\/www.kirche-itzehoe.de\/isg\/kontakt\/mitarbeiterinnen\/\">Jan-Lennart Boje. <\/a><\/p>\n\n\n\n<div class=\"wpcf7 no-js\" id=\"wpcf7-f13920-o1\" lang=\"de-DE\" dir=\"ltr\" data-wpcf7-id=\"13920\">\n<div class=\"screen-reader-response\"><p role=\"status\" aria-live=\"polite\" aria-atomic=\"true\"><\/p> <ul><\/ul><\/div>\n<form action=\"\/isg\/wp-json\/wp\/v2\/pages\/13912#wpcf7-f13920-o1\" method=\"post\" class=\"wpcf7-form init\" aria-label=\"Kontaktformular\" novalidate=\"novalidate\" data-status=\"init\">\n<fieldset class=\"hidden-fields-container\"><input type=\"hidden\" name=\"_wpcf7\" value=\"13920\" \/><input type=\"hidden\" name=\"_wpcf7_version\" value=\"6.1.4\" \/><input type=\"hidden\" name=\"_wpcf7_locale\" value=\"de_DE\" \/><input type=\"hidden\" name=\"_wpcf7_unit_tag\" value=\"wpcf7-f13920-o1\" \/><input type=\"hidden\" name=\"_wpcf7_container_post\" value=\"0\" \/><input type=\"hidden\" name=\"_wpcf7_posted_data_hash\" value=\"\" \/>\n<\/fieldset>\n<p><label> Dein Name<br \/>\n<span class=\"wpcf7-form-control-wrap\" data-name=\"your-name\"><input size=\"40\" maxlength=\"400\" class=\"wpcf7-form-control wpcf7-text wpcf7-validates-as-required\" autocomplete=\"name\" aria-required=\"true\" aria-invalid=\"false\" value=\"\" type=\"text\" name=\"your-name\" \/><\/span> <\/label>\n<\/p>\n<p><label> Deine E-Mail-Adresse<br \/>\n<span class=\"wpcf7-form-control-wrap\" data-name=\"your-email\"><input size=\"40\" maxlength=\"400\" class=\"wpcf7-form-control wpcf7-email wpcf7-validates-as-required wpcf7-text wpcf7-validates-as-email\" autocomplete=\"email\" aria-required=\"true\" aria-invalid=\"false\" value=\"\" type=\"email\" name=\"your-email\" \/><\/span> <\/label>\n<\/p>\n<p><label> Telefonnummer<br \/>\n<span class=\"wpcf7-form-control-wrap\" data-name=\"your-subject\"><input size=\"40\" maxlength=\"400\" class=\"wpcf7-form-control wpcf7-text wpcf7-validates-as-required\" aria-required=\"true\" aria-invalid=\"false\" value=\"\" type=\"text\" name=\"your-subject\" \/><\/span> <\/label>\n<\/p>\n<p><label> Gitarre vorhanden? (optional)<br \/>\n<span class=\"wpcf7-form-control-wrap\" data-name=\"your-message\"><textarea cols=\"40\" rows=\"10\" maxlength=\"2000\" class=\"wpcf7-form-control wpcf7-textarea\" aria-invalid=\"false\" name=\"your-message\"><\/textarea><\/span> <\/label>\n<\/p>\n<p><input class=\"wpcf7-form-control wpcf7-submit has-spinner\" type=\"submit\" value=\"Senden\" \/>\n<\/p><div class=\"wpcf7-response-output\" aria-hidden=\"true\"><\/div>\n<\/form>\n<\/div>\n\n","protected":false},"excerpt":{"rendered":"<p>Lerne schnell und einfach Gitarre spielen. Egal ob am Lagerfeuer, beim den Kindergottesdienst oder f\u00fcr sich selbst &#8211; die Gitarre ist ein tolles und vielseitiges Instrument, an dem sich viele Menschen erfreuen. Am 22. April startet in der Innenstadtgemeinde der neue und kostenfreie Gitarrengrundkurs f\u00fcr Anf\u00e4nger und Neueinsteiger. Anhand von kirchlichen und nicht-kirchlichen Liedern werden [&hellip;]<\/p>\n","protected":false},"author":26,"featured_media":0,"parent":0,"menu_order":0,"comment_status":"closed","ping_status":"closed","template":"","meta":{"_acf_changed":false,"footnotes":""},"class_list":["post-13912","page","type-page","status-publish","hentry"],"acf":[],"_links":{"self":[{"href":"https:\/\/www.kirche-itzehoe.de\/isg\/wp-json\/wp\/v2\/pages\/13912","targetHints":{"allow":["GET"]}}],"collection":[{"href":"https:\/\/www.kirche-itzehoe.de\/isg\/wp-json\/wp\/v2\/pages"}],"about":[{"href":"https:\/\/www.kirche-itzehoe.de\/isg\/wp-json\/wp\/v2\/types\/page"}],"author":[{"embeddable":true,"href":"https:\/\/www.kirche-itzehoe.de\/isg\/wp-json\/wp\/v2\/users\/26"}],"replies":[{"embeddable":true,"href":"https:\/\/www.kirche-itzehoe.de\/isg\/wp-json\/wp\/v2\/comments?post=13912"}],"version-history":[{"count":4,"href":"https:\/\/www.kirche-itzehoe.de\/isg\/wp-json\/wp\/v2\/pages\/13912\/revisions"}],"predecessor-version":[{"id":15583,"href":"https:\/\/www.kirche-itzehoe.de\/isg\/wp-json\/wp\/v2\/pages\/13912\/revisions\/15583"}],"wp:attachment":[{"href":"https:\/\/www.kirche-itzehoe.de\/isg\/wp-json\/wp\/v2\/media?parent=13912"}],"curies":[{"name":"wp","href":"https:\/\/api.w.org\/{rel}","templated":true}]}}