{"id":421,"date":"2012-01-03T12:33:38","date_gmt":"2012-01-03T11:33:38","guid":{"rendered":"http:\/\/www.kirche-itzehoe.de\/isg\/?page_id=421"},"modified":"2026-01-20T11:42:09","modified_gmt":"2026-01-20T10:42:09","slug":"mitarbeiterinnen","status":"publish","type":"page","link":"https:\/\/www.kirche-itzehoe.de\/isg\/kontakt\/mitarbeiterinnen\/","title":{"rendered":"Unser Team in der Innenstadtgemeinde"},"content":{"rendered":"\n<h3 class=\"wp-block-heading\">PastorInnen<\/h3>\n\n\n\n<p class=\"has-text-align-left\"><strong>Pastorin Dr. Wiebke B\u00e4hnk, Vorsitzende des Kirchengemeinderats<\/strong><br>Kirchenstra\u00dfe 10, 25524 Itzehoe<br>Tel. (04821) 4370286<br>E-Mail: w.baehnk@gmx.de<\/p>\n\n\n\n<p class=\"has-text-align-left\"><strong>Pastor Matthijs van Zwieten de Blom<br><\/strong>Kirchenstra\u00dfe 10, 25524 Itzehoe<br>Tel. (0170) 889 14 05<br>E-Mail: matthijs.vanzwieten@kk-rm.de&nbsp;<\/p>\n\n\n\n<figure class=\"wp-block-image size-large is-resized\"><a href=\"https:\/\/www.kirche-itzehoe.de\/isg\/wp-content\/uploads\/2025\/09\/IMG_20250605_1738391-2-scaled.jpg\"><img loading=\"lazy\" decoding=\"async\" width=\"771\" height=\"1024\" src=\"https:\/\/www.kirche-itzehoe.de\/isg\/wp-content\/uploads\/2025\/09\/IMG_20250605_1738391-2-771x1024.jpg\" alt=\"\" class=\"wp-image-14999\" style=\"width:197px;height:auto\" srcset=\"https:\/\/www.kirche-itzehoe.de\/isg\/wp-content\/uploads\/2025\/09\/IMG_20250605_1738391-2-771x1024.jpg 771w, https:\/\/www.kirche-itzehoe.de\/isg\/wp-content\/uploads\/2025\/09\/IMG_20250605_1738391-2-226x300.jpg 226w, https:\/\/www.kirche-itzehoe.de\/isg\/wp-content\/uploads\/2025\/09\/IMG_20250605_1738391-2-768x1020.jpg 768w, https:\/\/www.kirche-itzehoe.de\/isg\/wp-content\/uploads\/2025\/09\/IMG_20250605_1738391-2-1157x1536.jpg 1157w, https:\/\/www.kirche-itzehoe.de\/isg\/wp-content\/uploads\/2025\/09\/IMG_20250605_1738391-2-1542x2048.jpg 1542w, https:\/\/www.kirche-itzehoe.de\/isg\/wp-content\/uploads\/2025\/09\/IMG_20250605_1738391-2-scaled.jpg 1928w\" sizes=\"auto, (max-width: 771px) 100vw, 771px\" \/><\/a><\/figure>\n\n\n\n<p><strong>Klinikseelsorge Itzehoe<\/strong><br>Pastorin Mona Rieg<br>Tel. (0 48 21) 772 -39 90<\/p>\n\n\n\n<h3 class=\"wp-block-heading\">KIRCHLICHE MITARBEITERINNEN und MITARBEITER<\/h3>\n\n\n\n<p><strong>Kantorin und Organistin D\u00f6rthe Landmesser<\/strong><br>Kirchenstra\u00dfe 10, 25524 Itzehoe<br>Tel. (04821) 1788351<br>E-Mail: landmesser(at)musik-itzehoe(punkt)de<br>E-Mail: musik(at)kirche-itzehoe(punkt)de<\/p>\n\n\n\n<p><strong>Gemeindep\u00e4dagoge und Diakon Jan-Lennart Boje<br><\/strong>Wilhelmstra\u00dfe 4, 25524 Itzehoe<br>Tel. 01515 487 99 67<br>E-Mail: jan-lennart.boje@kk-rm.de<\/p>\n\n\n\n<p><strong>Gemeindesekret\u00e4rinnen Britta Nagel und Ellen Thorm\u00e4hlen<\/strong><\/p>\n\n\n\n<p>Kirchenstra\u00dfe 10<\/p>\n\n\n\n<p>Tel. (04821) 1788508 oder (04821) 1788509<\/p>\n\n\n\n<p>E-Mail: innenstadt-sued@kirche-itzehoe.de<\/p>\n\n\n\n<p><strong>Hausmeister Roland Frentz<\/strong><\/p>\n\n\n\n<p><strong>K\u00fcster Benno Ahting<\/strong><\/p>\n\n\n\n<p><strong>Reinigungskraft Christina Boheim<\/strong><\/p>\n\n\n\n<h3 class=\"wp-block-heading\">KIRCHENGEMEINDERAT<\/h3>\n\n\n\n<p><strong>Pastorin Dr. Wiebke B\u00e4hnk, Vorsitzende des KGR<br>Cord Plesmann, stellvertretender Vorsitzender des KGR<br><\/strong><\/p>\n\n\n\n<p>Der Kirchengemeinderat der Innenstadtgemeinde ist f\u00fcr die Leitung und Verwaltung der Kirchengemeinde verantwortlich. Der Kirchengemeinderat wird jeweils f\u00fcr sechs Jahre von der Gemeinde gew\u00e4hlt. Er setzt sich aus den gew\u00e4hlten und nachberufenen Mitgliedern sowie den Pastoren zusammen. Am Sonntag, 15.1.2023 wurde der neue Kirchengemeinderat der Innenstadtgemeinde Itzehoe in einem feierlichen Gottesdienst in sein Amt eingef\u00fchrt.<\/p>\n\n\n\n<p>Dem <strong>Kirchengemeinderat<\/strong> geh\u00f6ren an:<\/p>\n\n\n\n<p>Pastorin Dr. Wiebke B\u00e4hnk, Cord Plesmann, Jan-Lennart Boje, Ingo Dickehut,  Pastor Matthijs van Zwieten de Blom, Gerhard Goebel, Stephanie Koch, Christine M\u00fchler, Lasse Petersen, Birgit Scheiter<\/p>\n\n\n\n<p><\/p>\n\n\n\n<p><\/p>\n","protected":false},"excerpt":{"rendered":"<p>PastorInnen Pastorin Dr. Wiebke B\u00e4hnk, Vorsitzende des KirchengemeinderatsKirchenstra\u00dfe 10, 25524 ItzehoeTel. (04821) 4370286E-Mail: w.baehnk@gmx.de Pastor Matthijs van Zwieten de BlomKirchenstra\u00dfe 10, 25524 ItzehoeTel. (0170) 889 14 05E-Mail: matthijs.vanzwieten@kk-rm.de&nbsp; Klinikseelsorge ItzehoePastorin Mona RiegTel. (0 48 21) 772 -39 90 KIRCHLICHE MITARBEITERINNEN und MITARBEITER Kantorin und Organistin D\u00f6rthe LandmesserKirchenstra\u00dfe 10, 25524 ItzehoeTel. (04821) 1788351E-Mail: landmesser(at)musik-itzehoe(punkt)deE-Mail: musik(at)kirche-itzehoe(punkt)de Gemeindep\u00e4dagoge [&hellip;]<\/p>\n","protected":false},"author":2,"featured_media":0,"parent":17,"menu_order":1,"comment_status":"closed","ping_status":"closed","template":"","meta":{"_acf_changed":false,"footnotes":""},"class_list":["post-421","page","type-page","status-publish","hentry"],"acf":[],"_links":{"self":[{"href":"https:\/\/www.kirche-itzehoe.de\/isg\/wp-json\/wp\/v2\/pages\/421","targetHints":{"allow":["GET"]}}],"collection":[{"href":"https:\/\/www.kirche-itzehoe.de\/isg\/wp-json\/wp\/v2\/pages"}],"about":[{"href":"https:\/\/www.kirche-itzehoe.de\/isg\/wp-json\/wp\/v2\/types\/page"}],"author":[{"embeddable":true,"href":"https:\/\/www.kirche-itzehoe.de\/isg\/wp-json\/wp\/v2\/users\/2"}],"replies":[{"embeddable":true,"href":"https:\/\/www.kirche-itzehoe.de\/isg\/wp-json\/wp\/v2\/comments?post=421"}],"version-history":[{"count":67,"href":"https:\/\/www.kirche-itzehoe.de\/isg\/wp-json\/wp\/v2\/pages\/421\/revisions"}],"predecessor-version":[{"id":15463,"href":"https:\/\/www.kirche-itzehoe.de\/isg\/wp-json\/wp\/v2\/pages\/421\/revisions\/15463"}],"up":[{"embeddable":true,"href":"https:\/\/www.kirche-itzehoe.de\/isg\/wp-json\/wp\/v2\/pages\/17"}],"wp:attachment":[{"href":"https:\/\/www.kirche-itzehoe.de\/isg\/wp-json\/wp\/v2\/media?parent=421"}],"curies":[{"name":"wp","href":"https:\/\/api.w.org\/{rel}","templated":true}]}}