{"id":6624,"date":"2017-11-14T10:00:31","date_gmt":"2017-11-14T09:00:31","guid":{"rendered":"http:\/\/www.kirche-itzehoe.de\/isg\/?page_id=6624"},"modified":"2022-06-22T08:51:07","modified_gmt":"2022-06-22T06:51:07","slug":"blockfloetentag","status":"publish","type":"page","link":"https:\/\/www.kirche-itzehoe.de\/isg\/musik\/blockfloetentag\/","title":{"rendered":"Blockfl\u00f6tentag"},"content":{"rendered":"<p><a href=\"http:\/\/www.kirche-itzehoe.de\/isg\/wp-content\/uploads\/2011\/12\/140920-Blockfloetentag-IZ-012.jpg\"><img loading=\"lazy\" decoding=\"async\" class=\"alignleft wp-image-3934\" src=\"http:\/\/www.kirche-itzehoe.de\/isg\/wp-content\/uploads\/2011\/12\/140920-Blockfloetentag-IZ-012-1024x682.jpg\" alt=\"140920-Blockfloetentag-IZ-012\" width=\"294\" height=\"196\" srcset=\"https:\/\/www.kirche-itzehoe.de\/isg\/wp-content\/uploads\/2011\/12\/140920-Blockfloetentag-IZ-012-1024x682.jpg 1024w, https:\/\/www.kirche-itzehoe.de\/isg\/wp-content\/uploads\/2011\/12\/140920-Blockfloetentag-IZ-012-300x199.jpg 300w, https:\/\/www.kirche-itzehoe.de\/isg\/wp-content\/uploads\/2011\/12\/140920-Blockfloetentag-IZ-012-900x599.jpg 900w, https:\/\/www.kirche-itzehoe.de\/isg\/wp-content\/uploads\/2011\/12\/140920-Blockfloetentag-IZ-012.jpg 2000w\" sizes=\"auto, (max-width: 294px) 100vw, 294px\" \/><\/a><strong>7. Itzehoer Blockfl\u00f6tentag<\/strong><\/p>\n<p>Noch steht kein Termin fest &#8211; sicher ist, aufgrund der Coronapandemie wird es auch in 2022 noch keinen Blockfl\u00f6tentag geben. Wir hoffen, dass wir in 2023 wieder fr\u00f6hlich miteinander musizieren k\u00f6nnen!<\/p>\n<p>Was ist der Itzehoer Blockfl\u00f6tentag? Eine wunderbare Gelegenheit, gemeinsam mit vielen anderen in einem gro\u00dfen Blockfl\u00f6tenorchester zu musizieren!<\/p>\n<p>Der Blockfl\u00f6tentag startet um 10 Uhr in der St. Ansgarkirche, Wilhelmstra\u00dfe 4. Zur St\u00e4rkung gibt es ein gemeinsames Mittagessen sowie eine Kaffeepause, bevor die erarbeiteten St\u00fccke um 17 Uhr in St. Laurentii in einem Werkstattkonzert aufgef\u00fchrt werden.<\/p>\n<p>Dar\u00fcber hinaus gibt es die M\u00f6glichkeit, f\u00fcr bestehende Ensembles ein \u201eCoaching\u201c mit einem bereits einstudierten Werk wahrzunehmen. Teilnehmen kann an diesem Blockfl\u00f6tentag jeder, der Erfahrung mit der Blockfl\u00f6te hat:&nbsp; Jugendliche, Erwachsene oder bestehende Ensembles. Die Noten werden vorher verschickt.<\/p>\n<p>Geleitet wird der Blockfl\u00f6tentag von den beiden professionellen Blockfl\u00f6tistinnen Anabel R\u00f6ser und N\u00f3ra Kiszty. Erarbeitet werden Werke aus allen Epochen.<\/p>\n<p>Um eine klanglich ausgewogene Besetzung zu bekommen, geben Sie bitte an, wenn Sie flexibel sind und auch verschiedene Blockfl\u00f6ten spielen k\u00f6nnen (Sopran, Alt, Tenor, Bass, Gro\u00df- oder Subbass). Zur Deckung der Unkosten (Getr\u00e4nke, Mittagessen, Notenmaterial und Kursgeb\u00fchr) wird vor Ort eine kleine Geb\u00fchr von 15 Euro erhoben. F\u00fcr Jugendliche ist die Teilnahme kostenlos.<\/p>\n<p>Impressionen vom 3. Itzehoer Blockfl\u00f6tentag 2017:<\/p>\n<p><a href=\"http:\/\/www.kirche-itzehoe.de\/isg\/wp-content\/uploads\/2017\/03\/170225_Blockfl\u00f6tentag_IZ_1343.jpg\"><img loading=\"lazy\" decoding=\"async\" class=\"size-large wp-image-6093 aligncenter\" src=\"http:\/\/www.kirche-itzehoe.de\/isg\/wp-content\/uploads\/2017\/03\/170225_Blockfl\u00f6tentag_IZ_1343-1024x320.jpg\" alt=\"170225_Blockfl\u00f6tentag_IZ_1343\" width=\"630\" height=\"197\" srcset=\"https:\/\/www.kirche-itzehoe.de\/isg\/wp-content\/uploads\/2017\/03\/170225_Blockfl\u00f6tentag_IZ_1343-1024x320.jpg 1024w, https:\/\/www.kirche-itzehoe.de\/isg\/wp-content\/uploads\/2017\/03\/170225_Blockfl\u00f6tentag_IZ_1343-300x94.jpg 300w, https:\/\/www.kirche-itzehoe.de\/isg\/wp-content\/uploads\/2017\/03\/170225_Blockfl\u00f6tentag_IZ_1343-768x240.jpg 768w\" sizes=\"auto, (max-width: 630px) 100vw, 630px\" \/><\/a><\/p>\n","protected":false},"excerpt":{"rendered":"<p>7. Itzehoer Blockfl\u00f6tentag Noch steht kein Termin fest &#8211; sicher ist, aufgrund der Coronapandemie wird es auch in 2022 noch keinen Blockfl\u00f6tentag geben. Wir hoffen, dass wir in 2023 wieder fr\u00f6hlich miteinander musizieren k\u00f6nnen! Was ist der Itzehoer Blockfl\u00f6tentag? Eine wunderbare Gelegenheit, gemeinsam mit vielen anderen in einem gro\u00dfen Blockfl\u00f6tenorchester zu musizieren! Der Blockfl\u00f6tentag startet [&hellip;]<\/p>\n","protected":false},"author":4,"featured_media":0,"parent":11,"menu_order":6,"comment_status":"closed","ping_status":"closed","template":"","meta":{"_acf_changed":false,"footnotes":""},"class_list":["post-6624","page","type-page","status-publish","hentry"],"acf":[],"_links":{"self":[{"href":"https:\/\/www.kirche-itzehoe.de\/isg\/wp-json\/wp\/v2\/pages\/6624","targetHints":{"allow":["GET"]}}],"collection":[{"href":"https:\/\/www.kirche-itzehoe.de\/isg\/wp-json\/wp\/v2\/pages"}],"about":[{"href":"https:\/\/www.kirche-itzehoe.de\/isg\/wp-json\/wp\/v2\/types\/page"}],"author":[{"embeddable":true,"href":"https:\/\/www.kirche-itzehoe.de\/isg\/wp-json\/wp\/v2\/users\/4"}],"replies":[{"embeddable":true,"href":"https:\/\/www.kirche-itzehoe.de\/isg\/wp-json\/wp\/v2\/comments?post=6624"}],"version-history":[{"count":38,"href":"https:\/\/www.kirche-itzehoe.de\/isg\/wp-json\/wp\/v2\/pages\/6624\/revisions"}],"predecessor-version":[{"id":12030,"href":"https:\/\/www.kirche-itzehoe.de\/isg\/wp-json\/wp\/v2\/pages\/6624\/revisions\/12030"}],"up":[{"embeddable":true,"href":"https:\/\/www.kirche-itzehoe.de\/isg\/wp-json\/wp\/v2\/pages\/11"}],"wp:attachment":[{"href":"https:\/\/www.kirche-itzehoe.de\/isg\/wp-json\/wp\/v2\/media?parent=6624"}],"curies":[{"name":"wp","href":"https:\/\/api.w.org\/{rel}","templated":true}]}}