{"id":693,"date":"2012-01-04T17:54:50","date_gmt":"2012-01-04T16:54:50","guid":{"rendered":"http:\/\/www.kirche-itzehoe.de\/isg\/?page_id=693"},"modified":"2024-12-04T12:48:09","modified_gmt":"2024-12-04T11:48:09","slug":"impressum","status":"publish","type":"page","link":"https:\/\/www.kirche-itzehoe.de\/isg\/kontakt\/impressum\/","title":{"rendered":"Impressum"},"content":{"rendered":"<p>Ev.-Luth. Innenstadtgemeinde Itzehoe<\/p>\n<p>Kirchenstra\u00dfe 10. 25524 Itzehoe<br \/>\nTel: +49 (0)4821 &#8211; 17 88 508 oder 17 88 509<br \/>\ninnenstadt-sued(at)kirche-itzehoe(punkt)de<br \/>\nwww.kirche-itzehoe.de\/isg<\/p>\n<p>&nbsp;<\/p>\n<p>Spendenkonto der Ev.-Luth. Innenstadtgemeinde<\/p>\n<p>Sparkasse Westholstein<\/p>\n<p>DE 83 2225 0020 0090 7620 71<\/p>\n<hr>\n<p>Webdesign by <a title=\"Bj\u00f6rn Landmesser\" href=\"http:\/\/landmesser.me\" target=\"_blank\" rel=\"noopener\">Bj\u00f6rn Landmesser<\/a> und Frank Mehrens<\/p>\n<hr>\n<p>Photos by <a title=\"Michael Ruff\" href=\"http:\/\/www.ruffografie.de\" target=\"_blank\" rel=\"noopener\">Michael Ruff<\/a>, Kirstin Heiden und privat<\/p>\n<hr>\n<p>F\u00fcr den Inhalt der Webseite verantwortlich gem\u00e4\u00df \u00a7 6 MDStV: Ev.-Luth. Innenstadtgemeinde Itzehoe. Alle Rechte vorbehalten. Die Texte und Fotos dieser Webseite unterliegen dem Urheberrecht. Es ist nicht gestattet, diese zu ver\u00e4ndern oder gewerblich zu nutzen. \u00c4nderungen und K\u00fcrzungen bed\u00fcrfen der Absprache.<\/p>\n<p>Haftungshinweis:<br \/>\nTrotz sorgf\u00e4ltiger inhaltlicher Kontrolle \u00fcbernimmt die Ev.-Luth. Innenstadtgemeinde Itzehoe keine Haftung f\u00fcr die Inhalte externer Links. F\u00fcr den Inhalt der verlinkten Seiten sind ausschlie\u00dflich deren Betreiber verantwortlich.<\/p>\n","protected":false},"excerpt":{"rendered":"<p>Ev.-Luth. Innenstadtgemeinde Itzehoe Kirchenstra\u00dfe 10. 25524 Itzehoe Tel: +49 (0)4821 &#8211; 17 88 508 oder 17 88 509 innenstadt-sued(at)kirche-itzehoe(punkt)de www.kirche-itzehoe.de\/isg &nbsp; Spendenkonto der Ev.-Luth. Innenstadtgemeinde Sparkasse Westholstein DE 83 2225 0020 0090 7620 71 Webdesign by Bj\u00f6rn Landmesser und Frank Mehrens Photos by Michael Ruff, Kirstin Heiden und privat F\u00fcr den Inhalt der Webseite verantwortlich [&hellip;]<\/p>\n","protected":false},"author":2,"featured_media":0,"parent":17,"menu_order":4,"comment_status":"closed","ping_status":"closed","template":"","meta":{"_acf_changed":false,"footnotes":""},"class_list":["post-693","page","type-page","status-publish","hentry"],"acf":[],"_links":{"self":[{"href":"https:\/\/www.kirche-itzehoe.de\/isg\/wp-json\/wp\/v2\/pages\/693","targetHints":{"allow":["GET"]}}],"collection":[{"href":"https:\/\/www.kirche-itzehoe.de\/isg\/wp-json\/wp\/v2\/pages"}],"about":[{"href":"https:\/\/www.kirche-itzehoe.de\/isg\/wp-json\/wp\/v2\/types\/page"}],"author":[{"embeddable":true,"href":"https:\/\/www.kirche-itzehoe.de\/isg\/wp-json\/wp\/v2\/users\/2"}],"replies":[{"embeddable":true,"href":"https:\/\/www.kirche-itzehoe.de\/isg\/wp-json\/wp\/v2\/comments?post=693"}],"version-history":[{"count":14,"href":"https:\/\/www.kirche-itzehoe.de\/isg\/wp-json\/wp\/v2\/pages\/693\/revisions"}],"predecessor-version":[{"id":14320,"href":"https:\/\/www.kirche-itzehoe.de\/isg\/wp-json\/wp\/v2\/pages\/693\/revisions\/14320"}],"up":[{"embeddable":true,"href":"https:\/\/www.kirche-itzehoe.de\/isg\/wp-json\/wp\/v2\/pages\/17"}],"wp:attachment":[{"href":"https:\/\/www.kirche-itzehoe.de\/isg\/wp-json\/wp\/v2\/media?parent=693"}],"curies":[{"name":"wp","href":"https:\/\/api.w.org\/{rel}","templated":true}]}}