{"id":8957,"date":"2020-04-04T11:14:49","date_gmt":"2020-04-04T09:14:49","guid":{"rendered":"http:\/\/www.kirche-itzehoe.de\/isg\/?page_id=8957"},"modified":"2025-09-02T21:42:56","modified_gmt":"2025-09-02T19:42:56","slug":"orchester","status":"publish","type":"page","link":"https:\/\/www.kirche-itzehoe.de\/isg\/orchester\/","title":{"rendered":"Orchester"},"content":{"rendered":"\n<p>Im September 2019 hat sich das Orchester St. Laurentii unter der Leitung von D\u00f6rthe Landmesser neu gegr\u00fcndet. Hervorgegangen aus dem Orchester der Bachkantatenwerkstatt und dem Kammerorchester Itzehoe verbindet die 25 Streicher aus der Region Itzehoe die gemeinsame Lust am Musizieren und die Neugierde auf Bekanntes und Unentdecktes des Streicherrepertoires. F\u00fcr ausgew\u00e4hlte Projekte werden auch Holz- und Blechbl\u00e4ser miteinbezogen.<\/p>\n\n\n\n<p>H\u00f6hepunkte in den letzten Jahren waren u.a. das Education-Projekt &#8222;Karneval der Tiere&#8220; oder die Auff\u00fchrung der Brandenburgischen Konzerte. Besonders beliebt sind das (meistens) stattfindende Neujahrskonzert und das j\u00e4hrliche Sommerkonzert. Dazu begleitet das Orchester den Chor St. Laurentii regelm\u00e4\u00dfig bei Auff\u00fchrungen von Bachkantaten. Das Orchester trifft sich projektweise.<br><br>Fortgeschrittene Streicher sind herzlich eingeladen mitzumachen!<\/p>\n\n\n\n<figure class=\"wp-block-gallery has-nested-images columns-default is-cropped wp-block-gallery-1 is-layout-flex wp-block-gallery-is-layout-flex\">\n<figure class=\"wp-block-image size-large\"><a href=\"http:\/\/www.kirche-itzehoe.de\/isg\/wp-content\/uploads\/2024\/07\/Orchester-klein-scaled.jpg\"><img loading=\"lazy\" decoding=\"async\" width=\"1024\" height=\"547\" data-id=\"14079\" src=\"http:\/\/www.kirche-itzehoe.de\/isg\/wp-content\/uploads\/2024\/07\/Orchester-klein-1024x547.jpg\" alt=\"\" class=\"wp-image-14079\" srcset=\"https:\/\/www.kirche-itzehoe.de\/isg\/wp-content\/uploads\/2024\/07\/Orchester-klein-1024x547.jpg 1024w, https:\/\/www.kirche-itzehoe.de\/isg\/wp-content\/uploads\/2024\/07\/Orchester-klein-300x160.jpg 300w, https:\/\/www.kirche-itzehoe.de\/isg\/wp-content\/uploads\/2024\/07\/Orchester-klein-768x410.jpg 768w, https:\/\/www.kirche-itzehoe.de\/isg\/wp-content\/uploads\/2024\/07\/Orchester-klein-1536x820.jpg 1536w, https:\/\/www.kirche-itzehoe.de\/isg\/wp-content\/uploads\/2024\/07\/Orchester-klein-2048x1094.jpg 2048w\" sizes=\"auto, (max-width: 1024px) 100vw, 1024px\" \/><\/a><\/figure>\n\n\n\n<figure class=\"wp-block-image size-large\"><a href=\"https:\/\/www.kirche-itzehoe.de\/isg\/wp-content\/uploads\/2024\/02\/Karneval-der-Tiere.jpg\"><img loading=\"lazy\" decoding=\"async\" width=\"1024\" height=\"774\" data-id=\"13775\" src=\"https:\/\/www.kirche-itzehoe.de\/isg\/wp-content\/uploads\/2024\/02\/Karneval-der-Tiere-1024x774.jpg\" alt=\"\" class=\"wp-image-13775\" srcset=\"https:\/\/www.kirche-itzehoe.de\/isg\/wp-content\/uploads\/2024\/02\/Karneval-der-Tiere-1024x774.jpg 1024w, https:\/\/www.kirche-itzehoe.de\/isg\/wp-content\/uploads\/2024\/02\/Karneval-der-Tiere-300x227.jpg 300w, https:\/\/www.kirche-itzehoe.de\/isg\/wp-content\/uploads\/2024\/02\/Karneval-der-Tiere-768x580.jpg 768w, https:\/\/www.kirche-itzehoe.de\/isg\/wp-content\/uploads\/2024\/02\/Karneval-der-Tiere-1536x1160.jpg 1536w, https:\/\/www.kirche-itzehoe.de\/isg\/wp-content\/uploads\/2024\/02\/Karneval-der-Tiere.jpg 1632w\" sizes=\"auto, (max-width: 1024px) 100vw, 1024px\" \/><\/a><\/figure>\n<\/figure>\n\n\n\n<div class=\"wp-block-columns is-layout-flex wp-container-core-columns-is-layout-9d6595d7 wp-block-columns-is-layout-flex\">\n<div class=\"wp-block-column is-layout-flow wp-block-column-is-layout-flow\" style=\"flex-basis:100%\">\n<div class=\"wp-block-group\"><div class=\"wp-block-group__inner-container is-layout-flow wp-block-group-is-layout-flow\"><\/div><\/div>\n<\/div>\n<\/div>\n\n\n\n<p><\/p>\n","protected":false},"excerpt":{"rendered":"<p>Im September 2019 hat sich das Orchester St. Laurentii unter der Leitung von D\u00f6rthe Landmesser neu gegr\u00fcndet. Hervorgegangen aus dem Orchester der Bachkantatenwerkstatt und dem Kammerorchester Itzehoe verbindet die 25 Streicher aus der Region Itzehoe die gemeinsame Lust am Musizieren und die Neugierde auf Bekanntes und Unentdecktes des Streicherrepertoires. F\u00fcr ausgew\u00e4hlte Projekte werden auch Holz- [&hellip;]<\/p>\n","protected":false},"author":4,"featured_media":0,"parent":0,"menu_order":0,"comment_status":"closed","ping_status":"closed","template":"","meta":{"_acf_changed":false,"footnotes":""},"class_list":["post-8957","page","type-page","status-publish","hentry"],"acf":[],"_links":{"self":[{"href":"https:\/\/www.kirche-itzehoe.de\/isg\/wp-json\/wp\/v2\/pages\/8957","targetHints":{"allow":["GET"]}}],"collection":[{"href":"https:\/\/www.kirche-itzehoe.de\/isg\/wp-json\/wp\/v2\/pages"}],"about":[{"href":"https:\/\/www.kirche-itzehoe.de\/isg\/wp-json\/wp\/v2\/types\/page"}],"author":[{"embeddable":true,"href":"https:\/\/www.kirche-itzehoe.de\/isg\/wp-json\/wp\/v2\/users\/4"}],"replies":[{"embeddable":true,"href":"https:\/\/www.kirche-itzehoe.de\/isg\/wp-json\/wp\/v2\/comments?post=8957"}],"version-history":[{"count":11,"href":"https:\/\/www.kirche-itzehoe.de\/isg\/wp-json\/wp\/v2\/pages\/8957\/revisions"}],"predecessor-version":[{"id":15015,"href":"https:\/\/www.kirche-itzehoe.de\/isg\/wp-json\/wp\/v2\/pages\/8957\/revisions\/15015"}],"wp:attachment":[{"href":"https:\/\/www.kirche-itzehoe.de\/isg\/wp-json\/wp\/v2\/media?parent=8957"}],"curies":[{"name":"wp","href":"https:\/\/api.w.org\/{rel}","templated":true}]}}