{"id":9983,"date":"2020-11-09T12:07:22","date_gmt":"2020-11-09T11:07:22","guid":{"rendered":"http:\/\/www.kirche-itzehoe.de\/isg\/?page_id=9983"},"modified":"2021-07-12T16:22:54","modified_gmt":"2021-07-12T14:22:54","slug":"publikationen","status":"publish","type":"page","link":"https:\/\/www.kirche-itzehoe.de\/isg\/publikationen\/","title":{"rendered":"Publikationen"},"content":{"rendered":"\n<p><\/p>\n\n\n\n<div class=\"wp-block-media-text alignwide is-stacked-on-mobile\" style=\"grid-template-columns:35% auto\"><figure class=\"wp-block-media-text__media\"><img loading=\"lazy\" decoding=\"async\" width=\"1024\" height=\"1024\" src=\"https:\/\/www.kirche-itzehoe.de\/isg\/wp-content\/uploads\/2020\/11\/Cover-Musiktraditionen-klein-1024x1024.jpg\" alt=\"\" class=\"wp-image-9984 size-full\" srcset=\"https:\/\/www.kirche-itzehoe.de\/isg\/wp-content\/uploads\/2020\/11\/Cover-Musiktraditionen-klein-1024x1024.jpg 1024w, https:\/\/www.kirche-itzehoe.de\/isg\/wp-content\/uploads\/2020\/11\/Cover-Musiktraditionen-klein-300x300.jpg 300w, https:\/\/www.kirche-itzehoe.de\/isg\/wp-content\/uploads\/2020\/11\/Cover-Musiktraditionen-klein-150x150.jpg 150w, https:\/\/www.kirche-itzehoe.de\/isg\/wp-content\/uploads\/2020\/11\/Cover-Musiktraditionen-klein-768x768.jpg 768w, https:\/\/www.kirche-itzehoe.de\/isg\/wp-content\/uploads\/2020\/11\/Cover-Musiktraditionen-klein-1536x1536.jpg 1536w, https:\/\/www.kirche-itzehoe.de\/isg\/wp-content\/uploads\/2020\/11\/Cover-Musiktraditionen-klein-144x144.jpg 144w, https:\/\/www.kirche-itzehoe.de\/isg\/wp-content\/uploads\/2020\/11\/Cover-Musiktraditionen-klein-100x100.jpg 100w, https:\/\/www.kirche-itzehoe.de\/isg\/wp-content\/uploads\/2020\/11\/Cover-Musiktraditionen-klein.jpg 1999w\" sizes=\"auto, (max-width: 1024px) 100vw, 1024px\" \/><\/figure><div class=\"wp-block-media-text__content\">\n<p>Konrad K\u00fcster<br><strong>Musiktraditionen in der Itzehoer St. Laurentiikirche<\/strong><em><br><\/em><br><em>ISBN 978-3-00-066767-1<br>Einzelpreis: 12 EUR<\/em><\/p>\n\n\n\n<p>Bestellung \u00fcber das Kirchenb\u00fcro, Postversand m\u00f6glich<\/p>\n<\/div><\/div>\n\n\n\n<p><\/p>\n\n\n\n<p><br>Die Brosch\u00fcre &#8222;Musiktraditionen in der Itzehoer St. Laurentiikirche&#8220; pr\u00e4sentiert die Ergebnisse aus einem Forschungsprojekt zur historischen Musikkultur im Bereich von Niederelbe und Nordseek\u00fcste zurzeit der Reformation, insbesondere im Bereich der Kirchenmusik. In der neu \u00fcberarbeiteten Auflage finden nun auch die weiteren Entwicklungen im 19. und 20. Jahrhundert der Itzehoer Chor- und Orgeltradition einen Raum.<\/p>\n\n\n\n<p>Konrad K\u00fcster ist Professor f\u00fcr Musikwissenschaft an der Universit\u00e4t Freiburg im Breisgau. Neben der Musik von Heinrich Sch\u00fctz, Johann Sebastian Bach und Wolfgang Amadeus Mozart geh\u00f6rt die Tradition der norddeutschen Orgelkunst zu seinen Hauptforschungsgebieten. Langj\u00e4hrige Archivstudien zwischen den Niederlanden, Hamburg und D\u00e4nemark m\u00fcndeten 2013 in die von ihm konzipierte Wanderausstellung &#8222;Orgeln an der Nordsee &#8211; Kultur der Marschen&#8220;. Au\u00dferdem verfasste er 2016 das Buch &#8222;Musik im Namen Luthers: Kulturtraditionen seit der Reformation&#8220;.<br><\/p>\n\n\n\n<p><br><\/p>\n\n\n\n<div class=\"wp-block-media-text alignwide is-stacked-on-mobile\" style=\"grid-template-columns:35% auto\"><figure class=\"wp-block-media-text__media\"><img loading=\"lazy\" decoding=\"async\" width=\"1024\" height=\"1024\" src=\"http:\/\/www.kirche-itzehoe.de\/isg\/wp-content\/uploads\/2021\/05\/Cover-Festschrift_GM-1024x1024.jpg\" alt=\"\" class=\"wp-image-10823 size-full\" srcset=\"https:\/\/www.kirche-itzehoe.de\/isg\/wp-content\/uploads\/2021\/05\/Cover-Festschrift_GM-1024x1024.jpg 1024w, https:\/\/www.kirche-itzehoe.de\/isg\/wp-content\/uploads\/2021\/05\/Cover-Festschrift_GM-300x300.jpg 300w, https:\/\/www.kirche-itzehoe.de\/isg\/wp-content\/uploads\/2021\/05\/Cover-Festschrift_GM-150x150.jpg 150w, https:\/\/www.kirche-itzehoe.de\/isg\/wp-content\/uploads\/2021\/05\/Cover-Festschrift_GM-768x768.jpg 768w, https:\/\/www.kirche-itzehoe.de\/isg\/wp-content\/uploads\/2021\/05\/Cover-Festschrift_GM-1536x1536.jpg 1536w, https:\/\/www.kirche-itzehoe.de\/isg\/wp-content\/uploads\/2021\/05\/Cover-Festschrift_GM-2048x2048.jpg 2048w, https:\/\/www.kirche-itzehoe.de\/isg\/wp-content\/uploads\/2021\/05\/Cover-Festschrift_GM-144x144.jpg 144w, https:\/\/www.kirche-itzehoe.de\/isg\/wp-content\/uploads\/2021\/05\/Cover-Festschrift_GM-100x100.jpg 100w\" sizes=\"auto, (max-width: 1024px) 100vw, 1024px\" \/><\/figure><div class=\"wp-block-media-text__content\">\n<p>Ev.-Luth Innenstadtgemeinde Itzehoe (Hrsg.)<br><br><strong>Festschrift: 300 Jahre St. Laurentii Itzehoe <\/strong><br><em><br>Einzelpreis: 3 EUR<\/em><\/p>\n\n\n\n<p>Bestellung \u00fcber das Kirchenb\u00fcro, Postversand m\u00f6glich<\/p>\n<\/div><\/div>\n\n\n\n<p><\/p>\n\n\n\n<p><\/p>\n\n\n\n<p><\/p>\n\n\n\n<p><\/p>\n\n\n\n<div class=\"wp-block-group alignwide\"><div class=\"wp-block-group__inner-container is-layout-flow wp-block-group-is-layout-flow\">\n<div class=\"wp-block-columns is-layout-flex wp-container-core-columns-is-layout-9d6595d7 wp-block-columns-is-layout-flex\">\n<div class=\"wp-block-column is-layout-flow wp-block-column-is-layout-flow\" style=\"flex-basis:100%\">\n<div class=\"wp-block-columns is-layout-flex wp-container-core-columns-is-layout-9d6595d7 wp-block-columns-is-layout-flex\">\n<div class=\"wp-block-column is-layout-flow wp-block-column-is-layout-flow\" style=\"flex-basis:100%\">\n<div class=\"wp-block-media-text alignwide has-media-on-the-right is-stacked-on-mobile\" style=\"grid-template-columns:auto 31%\"><figure class=\"wp-block-media-text__media\"><img loading=\"lazy\" decoding=\"async\" width=\"750\" height=\"1024\" src=\"https:\/\/www.kirche-itzehoe.de\/isg\/wp-content\/uploads\/2021\/07\/Gruftfuehrer-750x1024.jpg\" alt=\"\" class=\"wp-image-10960 size-full\" srcset=\"https:\/\/www.kirche-itzehoe.de\/isg\/wp-content\/uploads\/2021\/07\/Gruftfuehrer-750x1024.jpg 750w, https:\/\/www.kirche-itzehoe.de\/isg\/wp-content\/uploads\/2021\/07\/Gruftfuehrer-220x300.jpg 220w, https:\/\/www.kirche-itzehoe.de\/isg\/wp-content\/uploads\/2021\/07\/Gruftfuehrer-768x1049.jpg 768w, https:\/\/www.kirche-itzehoe.de\/isg\/wp-content\/uploads\/2021\/07\/Gruftfuehrer-1124x1536.jpg 1124w, https:\/\/www.kirche-itzehoe.de\/isg\/wp-content\/uploads\/2021\/07\/Gruftfuehrer-1499x2048.jpg 1499w, https:\/\/www.kirche-itzehoe.de\/isg\/wp-content\/uploads\/2021\/07\/Gruftfuehrer.jpg 1707w\" sizes=\"auto, (max-width: 750px) 100vw, 750px\" \/><\/figure><div class=\"wp-block-media-text__content\">\n<p><\/p>\n\n\n\n<p><strong>Karl-Friedrich Hacker<\/strong> <br><br>Illustrierter Kirchenf\u00fchrer zur Gruft <br>der St. Laurentii-Kirche in Itzehoe<br><br><em>Einzelpreis: 5 EUR<\/em><br><br>Bestellung \u00fcber das Kirchenb\u00fcro, Postversand m\u00f6glich<\/p>\n<\/div><\/div>\n<\/div>\n<\/div>\n<\/div>\n<\/div>\n<\/div><\/div>\n","protected":false},"excerpt":{"rendered":"<p>Konrad K\u00fcsterMusiktraditionen in der Itzehoer St. LaurentiikircheISBN 978-3-00-066767-1Einzelpreis: 12 EUR Bestellung \u00fcber das Kirchenb\u00fcro, Postversand m\u00f6glich Die Brosch\u00fcre &#8222;Musiktraditionen in der Itzehoer St. Laurentiikirche&#8220; pr\u00e4sentiert die Ergebnisse aus einem Forschungsprojekt zur historischen Musikkultur im Bereich von Niederelbe und Nordseek\u00fcste zurzeit der Reformation, insbesondere im Bereich der Kirchenmusik. In der neu \u00fcberarbeiteten Auflage finden nun auch [&hellip;]<\/p>\n","protected":false},"author":4,"featured_media":0,"parent":0,"menu_order":0,"comment_status":"closed","ping_status":"closed","template":"","meta":{"_acf_changed":false,"footnotes":""},"class_list":["post-9983","page","type-page","status-publish","hentry"],"acf":[],"_links":{"self":[{"href":"https:\/\/www.kirche-itzehoe.de\/isg\/wp-json\/wp\/v2\/pages\/9983","targetHints":{"allow":["GET"]}}],"collection":[{"href":"https:\/\/www.kirche-itzehoe.de\/isg\/wp-json\/wp\/v2\/pages"}],"about":[{"href":"https:\/\/www.kirche-itzehoe.de\/isg\/wp-json\/wp\/v2\/types\/page"}],"author":[{"embeddable":true,"href":"https:\/\/www.kirche-itzehoe.de\/isg\/wp-json\/wp\/v2\/users\/4"}],"replies":[{"embeddable":true,"href":"https:\/\/www.kirche-itzehoe.de\/isg\/wp-json\/wp\/v2\/comments?post=9983"}],"version-history":[{"count":11,"href":"https:\/\/www.kirche-itzehoe.de\/isg\/wp-json\/wp\/v2\/pages\/9983\/revisions"}],"predecessor-version":[{"id":10967,"href":"https:\/\/www.kirche-itzehoe.de\/isg\/wp-json\/wp\/v2\/pages\/9983\/revisions\/10967"}],"wp:attachment":[{"href":"https:\/\/www.kirche-itzehoe.de\/isg\/wp-json\/wp\/v2\/media?parent=9983"}],"curies":[{"name":"wp","href":"https:\/\/api.w.org\/{rel}","templated":true}]}}